{"id":44,"date":"2023-02-09T15:43:58","date_gmt":"2023-02-09T15:43:58","guid":{"rendered":"https:\/\/magicpyros.com\/novisajt\/?page_id=44"},"modified":"2024-05-20T18:10:47","modified_gmt":"2024-05-20T18:10:47","slug":"vatromet","status":"publish","type":"page","link":"https:\/\/magicpyros.com\/en\/vatromet\/","title":{"rendered":"Vatromet"},"content":{"rendered":"<p>[et_pb_section fb_built=&#8221;1&#8243; custom_padding_last_edited=&#8221;off|phone&#8221; admin_label=&#8221;Header&#8221; _builder_version=&#8221;4.21.0&#8243; background_enable_image=&#8221;off&#8221; parallax=&#8221;on&#8221; background_video_mp4=&#8221;https:\/\/magicpyros.com\/wp-content\/uploads\/2023\/07\/vatromet.video_.mp4&#8243; height=&#8221;462px&#8221; max_height=&#8221;435px&#8221; custom_padding=&#8221;0vw||0vw||true|false&#8221; locked=&#8221;off&#8221; global_colors_info=&#8221;{}&#8221;][et_pb_row _builder_version=&#8221;4.20.2&#8243; custom_margin=&#8221;-16px|auto|-6px|65px|false|false&#8221; custom_padding=&#8221;207px||4px||false|false&#8221; global_colors_info=&#8221;{}&#8221;][et_pb_column type=&#8221;4_4&#8243; _builder_version=&#8221;4.16&#8243; custom_padding_tablet=&#8221;30px||30px||true|false&#8221; custom_padding_last_edited=&#8221;off|desktop&#8221; global_colors_info=&#8221;{}&#8221;][et_pb_text _builder_version=&#8221;4.16&#8243; text_text_color=&#8221;rgba(255,255,255,0.5)&#8221; text_font_size=&#8221;16px&#8221; text_line_height=&#8221;1.8em&#8221; header_font=&#8221;Montserrat|700||on|||||&#8221; header_font_size=&#8221;6vw&#8221; header_line_height=&#8221;1.2em&#8221; header_3_font=&#8221;Montserrat|700||on|||||&#8221; header_3_text_color=&#8221;rgba(255,255,255,0.5)&#8221; header_3_font_size=&#8221;16px&#8221; header_3_letter_spacing=&#8221;2px&#8221; header_3_line_height=&#8221;1.4em&#8221; background_layout=&#8221;dark&#8221; header_3_font_size_tablet=&#8221;14px&#8221; header_3_font_size_phone=&#8221;&#8221; header_3_font_size_last_edited=&#8221;on|phone&#8221; text_text_align=&#8221;left&#8221; locked=&#8221;off&#8221; global_colors_info=&#8221;{}&#8221;]<\/p>\n<h1>Vatromet<\/h1>\n<p>[\/et_pb_text][\/et_pb_column][\/et_pb_row][\/et_pb_section][et_pb_section fb_built=&#8221;1&#8243; admin_label=&#8221;Info&#8221; _builder_version=&#8221;4.16&#8243; background_color=&#8221;#000000&#8243; global_colors_info=&#8221;{}&#8221;][et_pb_row _builder_version=&#8221;4.16&#8243; locked=&#8221;off&#8221; global_colors_info=&#8221;{}&#8221;][et_pb_column type=&#8221;4_4&#8243; _builder_version=&#8221;4.16&#8243; global_colors_info=&#8221;{}&#8221;][et_pb_text _builder_version=&#8221;4.21.0&#8243; text_text_color=&#8221;#FFFFFF&#8221; header_3_text_color=&#8221;#FFFFFF&#8221; hover_enabled=&#8221;0&#8243; global_colors_info=&#8221;{}&#8221; sticky_enabled=&#8221;0&#8243;]<\/p>\n<h3><span style=\"font-size: xx-large;\"><strong>Vatromet<\/strong><\/span><\/h3>\n<p><span style=\"font-size: large;\">\u00a0<\/span><\/p>\n<p>Te\u0161ko je zamisliti pravu proslavu bez vatrometa, a na\u0161 savjet je da ne zami\u0161ljate&#8230;<\/p>\n<p>Umjesto toga, na vama je da zamislite kakav bi vatromet najbolje pristajao va\u0161oj proslavi, a mi \u0107emo se pobrinuti da to i bude&#8230;<\/p>\n<p>Svaki vatromet poseban je kao i va\u0161 doga\u0111aj, a za vas predano i profesionalno radi na\u0161 tim pirodizajnera s vi\u0161e od 15 godina iskustva.<\/p>\n<p>Za nas nema &#8216;malih&#8217; i &#8216;velikih&#8217; vatrometa. Postoje samo dobri i lo\u0161i&#8230;<\/p>\n<p>To\u010dnije: za nas postoji samo dobar vatromet.<\/p>\n<p>Dopustite nam da budemo dio va\u0161ih sje\u0107anja!<\/p>\n<p>&nbsp;<\/p>\n<p>[\/et_pb_text][et_pb_gallery gallery_ids=&#8221;237690,237691,237692,237693,237694,237695,237696,237697,237698,237699,237700,237701,237702,237703,237704,237705,237706,237708,237709,237710,237711,237712,237713,237714,237715,237716,237717&#8243; posts_number=&#8221;40&#8243; show_title_and_caption=&#8221;off&#8221; show_pagination=&#8221;off&#8221; _builder_version=&#8221;4.20.2&#8243; _module_preset=&#8221;default&#8221; title_text_align=&#8221;center&#8221; title_text_color=&#8221;#FFFFFF&#8221; global_colors_info=&#8221;{}&#8221;][\/et_pb_gallery][\/et_pb_column][\/et_pb_row][\/et_pb_section][et_pb_section fb_built=&#8221;1&#8243; _builder_version=&#8221;4.20.2&#8243; _module_preset=&#8221;default&#8221; background_color=&#8221;#000000&#8243; global_colors_info=&#8221;{}&#8221;][et_pb_row column_structure=&#8221;1_2,1_2&#8243; _builder_version=&#8221;4.20.2&#8243; _module_preset=&#8221;default&#8221; global_colors_info=&#8221;{}&#8221;][et_pb_column type=&#8221;1_2&#8243; _builder_version=&#8221;4.20.2&#8243; _module_preset=&#8221;default&#8221; global_colors_info=&#8221;{}&#8221;][et_pb_video src=&#8221;https:\/\/youtu.be\/IsX_tFcSnC8&#8243; _builder_version=&#8221;4.20.2&#8243; _module_preset=&#8221;default&#8221; global_colors_info=&#8221;{}&#8221;][\/et_pb_video][\/et_pb_column][et_pb_column type=&#8221;1_2&#8243; _builder_version=&#8221;4.20.2&#8243; _module_preset=&#8221;default&#8221; global_colors_info=&#8221;{}&#8221;][et_pb_video src=&#8221;https:\/\/youtu.be\/RXGV2J-60Hg&#8221; _builder_version=&#8221;4.20.2&#8243; _module_preset=&#8221;default&#8221; global_colors_info=&#8221;{}&#8221;][\/et_pb_video][\/et_pb_column][\/et_pb_row][et_pb_row column_structure=&#8221;1_2,1_2&#8243; _builder_version=&#8221;4.20.2&#8243; _module_preset=&#8221;default&#8221; global_colors_info=&#8221;{}&#8221;][et_pb_column type=&#8221;1_2&#8243; _builder_version=&#8221;4.20.2&#8243; _module_preset=&#8221;default&#8221; global_colors_info=&#8221;{}&#8221;][et_pb_video src=&#8221;https:\/\/youtu.be\/vjxHmAbrHlg&#8221; _builder_version=&#8221;4.20.2&#8243; _module_preset=&#8221;default&#8221; global_colors_info=&#8221;{}&#8221;][\/et_pb_video][et_pb_video src=&#8221;https:\/\/youtu.be\/rTFUG4vDxdo&#8221; _builder_version=&#8221;4.20.2&#8243; _module_preset=&#8221;default&#8221; global_colors_info=&#8221;{}&#8221;][\/et_pb_video][et_pb_video src=&#8221;https:\/\/youtu.be\/GifmWDS07nE&#8221; _builder_version=&#8221;4.20.2&#8243; _module_preset=&#8221;default&#8221; global_colors_info=&#8221;{}&#8221;][\/et_pb_video][\/et_pb_column][et_pb_column type=&#8221;1_2&#8243; _builder_version=&#8221;4.20.2&#8243; _module_preset=&#8221;default&#8221; global_colors_info=&#8221;{}&#8221;][et_pb_video src=&#8221;https:\/\/youtu.be\/LmRmOObg6iM&#8221; _builder_version=&#8221;4.20.2&#8243; _module_preset=&#8221;default&#8221; global_colors_info=&#8221;{}&#8221;][\/et_pb_video][et_pb_video src=&#8221;https:\/\/youtu.be\/dQHq72mQ3zU&#8221; _builder_version=&#8221;4.20.2&#8243; _module_preset=&#8221;default&#8221; global_colors_info=&#8221;{}&#8221;][\/et_pb_video][et_pb_video src=&#8221;https:\/\/youtu.be\/bvn5GjvhpKc&#8221; _builder_version=&#8221;4.20.2&#8243; _module_preset=&#8221;default&#8221; global_colors_info=&#8221;{}&#8221;][\/et_pb_video][\/et_pb_column][\/et_pb_row][\/et_pb_section]<\/p>","protected":false},"excerpt":{"rendered":"<p>VatrometVatromet \u00a0 Te\u0161ko je zamisliti pravu proslavu bez vatrometa, a na\u0161 savjet je da ne zami\u0161ljate&#8230; Umjesto toga, na vama je da zamislite kakav bi vatromet najbolje pristajao va\u0161oj proslavi, a mi \u0107emo se pobrinuti da to i bude&#8230; Svaki vatromet poseban je kao i va\u0161 doga\u0111aj, a za vas predano i profesionalno radi na\u0161 [&hellip;]<\/p>","protected":false},"author":1,"featured_media":0,"parent":0,"menu_order":0,"comment_status":"closed","ping_status":"closed","template":"","meta":{"_et_pb_use_builder":"on","_et_pb_old_content":"","_et_gb_content_width":"","om_disable_all_campaigns":false,"_monsterinsights_skip_tracking":false,"_monsterinsights_sitenote_active":false,"_monsterinsights_sitenote_note":"","_monsterinsights_sitenote_category":0,"_uf_show_specific_survey":0,"_uf_disable_surveys":false,"footnotes":""},"class_list":["post-44","page","type-page","status-publish","hentry"],"aioseo_notices":[],"yoast_head":"<!-- This site is optimized with the Yoast SEO plugin v23.9 - https:\/\/yoast.com\/wordpress\/plugins\/seo\/ -->\n<title>Vatromet - Magiceffects<\/title>\n<meta name=\"robots\" content=\"index, follow, max-snippet:-1, max-image-preview:large, max-video-preview:-1\" \/>\n<link rel=\"canonical\" href=\"https:\/\/magicpyros.com\/en\/vatromet\/\" \/>\n<meta property=\"og:locale\" content=\"en_GB\" \/>\n<meta property=\"og:type\" content=\"article\" \/>\n<meta property=\"og:title\" content=\"Vatromet - Magiceffects\" \/>\n<meta property=\"og:description\" content=\"VatrometVatromet \u00a0 Te\u0161ko je zamisliti pravu proslavu bez vatrometa, a na\u0161 savjet je da ne zami\u0161ljate... Umjesto toga, na vama je da zamislite kakav bi vatromet najbolje pristajao va\u0161oj proslavi, a mi \u0107emo se pobrinuti da to i bude... Svaki vatromet poseban je kao i va\u0161 doga\u0111aj, a za vas predano i profesionalno radi na\u0161 [&hellip;]\" \/>\n<meta property=\"og:url\" content=\"https:\/\/magicpyros.com\/en\/vatromet\/\" \/>\n<meta property=\"og:site_name\" content=\"Magiceffects\" \/>\n<meta property=\"article:modified_time\" content=\"2024-05-20T18:10:47+00:00\" \/>\n<meta name=\"twitter:card\" content=\"summary_large_image\" \/>\n<meta name=\"twitter:label1\" content=\"Estimated reading time\" \/>\n\t<meta name=\"twitter:data1\" content=\"3 minutes\" \/>\n<script type=\"application\/ld+json\" class=\"yoast-schema-graph\">{\"@context\":\"https:\/\/schema.org\",\"@graph\":[{\"@type\":\"WebPage\",\"@id\":\"https:\/\/magicpyros.com\/vatromet\/\",\"url\":\"https:\/\/magicpyros.com\/vatromet\/\",\"name\":\"Vatromet - Magiceffects\",\"isPartOf\":{\"@id\":\"https:\/\/magicpyros.com\/#website\"},\"datePublished\":\"2023-02-09T15:43:58+00:00\",\"dateModified\":\"2024-05-20T18:10:47+00:00\",\"breadcrumb\":{\"@id\":\"https:\/\/magicpyros.com\/vatromet\/#breadcrumb\"},\"inLanguage\":\"en-GB\",\"potentialAction\":[{\"@type\":\"ReadAction\",\"target\":[\"https:\/\/magicpyros.com\/vatromet\/\"]}]},{\"@type\":\"BreadcrumbList\",\"@id\":\"https:\/\/magicpyros.com\/vatromet\/#breadcrumb\",\"itemListElement\":[{\"@type\":\"ListItem\",\"position\":1,\"name\":\"Home\",\"item\":\"https:\/\/magicpyros.com\/\"},{\"@type\":\"ListItem\",\"position\":2,\"name\":\"Vatromet\"}]},{\"@type\":\"WebSite\",\"@id\":\"https:\/\/magicpyros.com\/#website\",\"url\":\"https:\/\/magicpyros.com\/\",\"name\":\"Magiceffects\",\"description\":\"No tricks - Just pure magic\",\"potentialAction\":[{\"@type\":\"SearchAction\",\"target\":{\"@type\":\"EntryPoint\",\"urlTemplate\":\"https:\/\/magicpyros.com\/?s={search_term_string}\"},\"query-input\":{\"@type\":\"PropertyValueSpecification\",\"valueRequired\":true,\"valueName\":\"search_term_string\"}}],\"inLanguage\":\"en-GB\"}]}<\/script>\n<!-- \/ Yoast SEO plugin. -->","yoast_head_json":{"title":"Vatromet - Magiceffects","robots":{"index":"index","follow":"follow","max-snippet":"max-snippet:-1","max-image-preview":"max-image-preview:large","max-video-preview":"max-video-preview:-1"},"canonical":"https:\/\/magicpyros.com\/en\/vatromet\/","og_locale":"en_GB","og_type":"article","og_title":"Vatromet - Magiceffects","og_description":"VatrometVatromet \u00a0 Te\u0161ko je zamisliti pravu proslavu bez vatrometa, a na\u0161 savjet je da ne zami\u0161ljate... Umjesto toga, na vama je da zamislite kakav bi vatromet najbolje pristajao va\u0161oj proslavi, a mi \u0107emo se pobrinuti da to i bude... Svaki vatromet poseban je kao i va\u0161 doga\u0111aj, a za vas predano i profesionalno radi na\u0161 [&hellip;]","og_url":"https:\/\/magicpyros.com\/en\/vatromet\/","og_site_name":"Magiceffects","article_modified_time":"2024-05-20T18:10:47+00:00","twitter_card":"summary_large_image","twitter_misc":{"Estimated reading time":"3 minutes"},"schema":{"@context":"https:\/\/schema.org","@graph":[{"@type":"WebPage","@id":"https:\/\/magicpyros.com\/vatromet\/","url":"https:\/\/magicpyros.com\/vatromet\/","name":"Vatromet - Magiceffects","isPartOf":{"@id":"https:\/\/magicpyros.com\/#website"},"datePublished":"2023-02-09T15:43:58+00:00","dateModified":"2024-05-20T18:10:47+00:00","breadcrumb":{"@id":"https:\/\/magicpyros.com\/vatromet\/#breadcrumb"},"inLanguage":"en-GB","potentialAction":[{"@type":"ReadAction","target":["https:\/\/magicpyros.com\/vatromet\/"]}]},{"@type":"BreadcrumbList","@id":"https:\/\/magicpyros.com\/vatromet\/#breadcrumb","itemListElement":[{"@type":"ListItem","position":1,"name":"Home","item":"https:\/\/magicpyros.com\/"},{"@type":"ListItem","position":2,"name":"Vatromet"}]},{"@type":"WebSite","@id":"https:\/\/magicpyros.com\/#website","url":"https:\/\/magicpyros.com\/","name":"Magiceffects","description":"No tricks - Just pure magic","potentialAction":[{"@type":"SearchAction","target":{"@type":"EntryPoint","urlTemplate":"https:\/\/magicpyros.com\/?s={search_term_string}"},"query-input":{"@type":"PropertyValueSpecification","valueRequired":true,"valueName":"search_term_string"}}],"inLanguage":"en-GB"}]}},"_links":{"self":[{"href":"https:\/\/magicpyros.com\/en\/wp-json\/wp\/v2\/pages\/44","targetHints":{"allow":["GET"]}}],"collection":[{"href":"https:\/\/magicpyros.com\/en\/wp-json\/wp\/v2\/pages"}],"about":[{"href":"https:\/\/magicpyros.com\/en\/wp-json\/wp\/v2\/types\/page"}],"author":[{"embeddable":true,"href":"https:\/\/magicpyros.com\/en\/wp-json\/wp\/v2\/users\/1"}],"replies":[{"embeddable":true,"href":"https:\/\/magicpyros.com\/en\/wp-json\/wp\/v2\/comments?post=44"}],"version-history":[{"count":18,"href":"https:\/\/magicpyros.com\/en\/wp-json\/wp\/v2\/pages\/44\/revisions"}],"predecessor-version":[{"id":987499679,"href":"https:\/\/magicpyros.com\/en\/wp-json\/wp\/v2\/pages\/44\/revisions\/987499679"}],"wp:attachment":[{"href":"https:\/\/magicpyros.com\/en\/wp-json\/wp\/v2\/media?parent=44"}],"curies":[{"name":"wp","href":"https:\/\/api.w.org\/{rel}","templated":true}]}}