{"id":37,"date":"2023-02-09T15:40:59","date_gmt":"2023-02-09T15:40:59","guid":{"rendered":"https:\/\/magicpyros.com\/novisajt\/?page_id=37"},"modified":"2023-07-23T10:55:19","modified_gmt":"2023-07-23T10:55:19","slug":"kontakt","status":"publish","type":"page","link":"https:\/\/magicpyros.com\/en\/kontakt\/","title":{"rendered":"Kontakt"},"content":{"rendered":"<p>[et_pb_section fb_built=&#8221;1&#8243; specialty=&#8221;on&#8221; custom_padding_last_edited=&#8221;off|phone&#8221; admin_label=&#8221;Header&#8221; _builder_version=&#8221;4.20.2&#8243; background_color=&#8221;#000000&#8243; background_image=&#8221;https:\/\/magicpyros.com\/wp-content\/uploads\/2023\/07\/IMG-20230702-WA0024.jpg&#8221; background_position=&#8221;top_left&#8221; background_horizontal_offset=&#8221;39%&#8221; background_vertical_offset=&#8221;100%&#8221; custom_padding=&#8221;||||false|false&#8221; custom_padding_tablet=&#8221;||||false|false&#8221; custom_padding_phone=&#8221;|||10vw|false|false&#8221; background_color_tablet=&#8221;#000000&#8243; background_last_edited=&#8221;on|desktop&#8221; background_enable_color_tablet=&#8221;on&#8221; use_background_color_gradient_tablet=&#8221;off&#8221; background_color_gradient_stops_tablet=&#8221;rgba(0,0,0,0.56) 85%|#000000 85%&#8221; background_color_gradient_stops_phone=&#8221;rgba(0,0,0,0.56) 10%|#000000 10%&#8221; background_color_gradient_start_position_tablet=&#8221;85%&#8221; background_color_gradient_start_position_phone=&#8221;10%&#8221; background_color_gradient_end_position_tablet=&#8221;0%&#8221; background_color_gradient_end_position_phone=&#8221;10%&#8221; background_enable_image_tablet=&#8221;off&#8221; locked=&#8221;off&#8221; global_colors_info=&#8221;{}&#8221;][et_pb_column type=&#8221;1_3&#8243; _builder_version=&#8221;4.16&#8243; custom_padding=&#8221;|||&#8221; global_colors_info=&#8221;{}&#8221; custom_padding__hover=&#8221;|||&#8221;][\/et_pb_column][et_pb_column type=&#8221;2_3&#8243; specialty_columns=&#8221;2&#8243; _builder_version=&#8221;4.16&#8243; custom_padding=&#8221;|||&#8221; global_colors_info=&#8221;{}&#8221; custom_padding__hover=&#8221;|||&#8221;][et_pb_row_inner _builder_version=&#8221;4.21.0&#8243; custom_margin=&#8221;|81px||-295px|false|false&#8221; hover_enabled=&#8221;0&#8243; global_colors_info=&#8221;{}&#8221; custom_margin_last_edited=&#8221;on|phone&#8221; custom_margin_phone=&#8221;|81px||-164px|false|false&#8221; sticky_enabled=&#8221;0&#8243; custom_margin_tablet=&#8221;|||-190px|false|false&#8221;][et_pb_column_inner saved_specialty_column_type=&#8221;2_3&#8243; _builder_version=&#8221;4.16&#8243; global_colors_info=&#8221;{}&#8221;][et_pb_text _builder_version=&#8221;4.21.0&#8243; text_font=&#8221;Din pro bold||||||||&#8221; text_text_color=&#8221;rgba(255,255,255,0.5)&#8221; text_font_size=&#8221;16px&#8221; text_letter_spacing=&#8221;3px&#8221; text_line_height=&#8221;1.8em&#8221; header_font=&#8221;Montserrat|300||on|||||&#8221; header_font_size=&#8221;2vw&#8221; header_line_height=&#8221;1.2em&#8221; header_3_font=&#8221;Montserrat|700||on|||||&#8221; header_3_text_color=&#8221;#f9002b&#8221; header_3_font_size=&#8221;16px&#8221; header_3_letter_spacing=&#8221;2px&#8221; header_3_line_height=&#8221;1.4em&#8221; background_color=&#8221;rgba(226,0,15,0.78)&#8221; background_layout=&#8221;dark&#8221; custom_margin=&#8221;|||200px|false|false&#8221; hover_enabled=&#8221;0&#8243; header_3_font_size_tablet=&#8221;14px&#8221; header_3_font_size_phone=&#8221;&#8221; header_3_font_size_last_edited=&#8221;on|phone&#8221; text_text_align=&#8221;left&#8221; locked=&#8221;off&#8221; global_colors_info=&#8221;{}&#8221; sticky_enabled=&#8221;0&#8243; width_last_edited=&#8221;on|phone&#8221; max_height_last_edited=&#8221;on|phone&#8221; max_height_phone=&#8221;1000px&#8221; width_phone=&#8221;57%&#8221;]<\/p>\n<h3><\/h3>\n<h1>\u00a0 \u00a0 Kontaktirajte nas<\/h1>\n<p>[\/et_pb_text][\/et_pb_column_inner][\/et_pb_row_inner][et_pb_row_inner column_structure=&#8221;1_2,1_2&#8243; _builder_version=&#8221;4.21.0&#8243; background_color=&#8221;rgba(22,14,14,0.66)&#8221; custom_margin=&#8221;|||-200px|false|false&#8221; hover_enabled=&#8221;0&#8243; global_colors_info=&#8221;{}&#8221; custom_margin_last_edited=&#8221;on|desktop&#8221; custom_margin_phone=&#8221;|||33px|false|false&#8221; sticky_enabled=&#8221;0&#8243; custom_margin_tablet=&#8221;|||13px|false|false&#8221;][et_pb_column_inner type=&#8221;1_2&#8243; saved_specialty_column_type=&#8221;2_3&#8243; _builder_version=&#8221;4.16&#8243; global_colors_info=&#8221;{}&#8221;][et_pb_text _builder_version=&#8221;4.18.0&#8243; header_3_font=&#8221;Montserrat|700|||||||&#8221; header_3_line_height=&#8221;1.2em&#8221; header_4_font=&#8221;Montserrat|700||on|||||&#8221; header_4_text_color=&#8221;#E02B20&#8243; header_4_font_size=&#8221;14px&#8221; header_4_letter_spacing=&#8221;2px&#8221; header_4_line_height=&#8221;1.4em&#8221; background_layout=&#8221;dark&#8221; max_width=&#8221;600px&#8221; header_3_font_size_tablet=&#8221;20px&#8221; header_3_font_size_phone=&#8221;18px&#8221; header_3_font_size_last_edited=&#8221;on|phone&#8221; locked=&#8221;off&#8221; global_colors_info=&#8221;{}&#8221;]<\/p>\n<h4>Telefon<\/h4>\n<h3><a href=\"#\"><span>+381 63 533 730<\/span><\/a><\/h3>\n<p>[\/et_pb_text][et_pb_text _builder_version=&#8221;4.20.2&#8243; header_3_font=&#8221;Montserrat|700|||||||&#8221; header_3_line_height=&#8221;1.2em&#8221; header_4_font=&#8221;Montserrat|700||on|||||&#8221; header_4_text_color=&#8221;#E02B20&#8243; header_4_font_size=&#8221;14px&#8221; header_4_letter_spacing=&#8221;2px&#8221; header_4_line_height=&#8221;1.4em&#8221; background_layout=&#8221;dark&#8221; max_width=&#8221;600px&#8221; header_3_font_size_tablet=&#8221;20px&#8221; header_3_font_size_phone=&#8221;18px&#8221; header_3_font_size_last_edited=&#8221;on|phone&#8221; locked=&#8221;off&#8221; global_colors_info=&#8221;{}&#8221;]<\/p>\n<h4>Email<\/h4>\n<h3><a href=\"mailto:info@magiceffects.rs\">info@magiceffects.rs<\/a><\/h3>\n<p>[\/et_pb_text][\/et_pb_column_inner][et_pb_column_inner type=&#8221;1_2&#8243; saved_specialty_column_type=&#8221;2_3&#8243; _builder_version=&#8221;4.16&#8243; global_colors_info=&#8221;{}&#8221;][et_pb_text _builder_version=&#8221;4.16&#8243; header_3_font=&#8221;Montserrat|700|||||||&#8221; header_3_line_height=&#8221;1.2em&#8221; header_4_font=&#8221;Montserrat|700||on|||||&#8221; header_4_text_color=&#8221;#E02B20&#8243; header_4_font_size=&#8221;14px&#8221; header_4_letter_spacing=&#8221;2px&#8221; header_4_line_height=&#8221;1.4em&#8221; background_layout=&#8221;dark&#8221; max_width=&#8221;600px&#8221; header_3_font_size_tablet=&#8221;20px&#8221; header_3_font_size_phone=&#8221;18px&#8221; header_3_font_size_last_edited=&#8221;on|phone&#8221; locked=&#8221;off&#8221; global_colors_info=&#8221;{}&#8221;]<\/p>\n<h4>Address<\/h4>\n<h3>N<a href=\"#\"><span>arodnog fronta<\/span><\/a> 67<\/h3>\n<h3><a href=\"#\"><span><\/span><\/a><a href=\"#\">21000 Novi Sad<\/a><\/h3>\n<h3><a href=\"#\"><span><\/span><\/a><a href=\"#\">Srbija<\/a><\/h3>\n<p>[\/et_pb_text][\/et_pb_column_inner][\/et_pb_row_inner][et_pb_row_inner custom_padding_last_edited=&#8221;on|phone&#8221; _builder_version=&#8221;4.21.0&#8243; custom_margin=&#8221;44px|-160px|-4px|-160px|false|true&#8221; custom_padding=&#8221;40px|40px|40px|40px|true|true&#8221; custom_padding_tablet=&#8221;30px|30px|30px|30px|true|true&#8221; custom_padding_phone=&#8221;20px|20px|20px|20px|true|true&#8221; hover_enabled=&#8221;0&#8243; border_width_all=&#8221;4px&#8221; border_color_all=&#8221;rgba(224,43,32,0.36)&#8221; global_colors_info=&#8221;{}&#8221; custom_margin_last_edited=&#8221;on|desktop&#8221; sticky_enabled=&#8221;0&#8243; custom_margin_phone=&#8221;|-5px||-5px|false|true&#8221; custom_margin_tablet=&#8221;|-28px||-28px|false|true&#8221;][et_pb_column_inner saved_specialty_column_type=&#8221;2_3&#8243; _builder_version=&#8221;4.16&#8243; global_colors_info=&#8221;{}&#8221;][et_pb_contact_form captcha=&#8221;off&#8221; email=&#8221;david.kuzmanovic@magiceffects.rs&#8221; submit_button_text=&#8221;po\u0161alji poruku&#8221; _builder_version=&#8221;4.20.2&#8243; form_field_background_color=&#8221;#e41e31&#8243; form_field_text_color=&#8221;#FFFFFF&#8221; form_field_focus_background_color=&#8221;rgba(255,255,255,0.2)&#8221; form_field_focus_text_color=&#8221;#ffffff&#8221; form_field_font=&#8221;Din pro bold||||||||&#8221; form_field_font_size=&#8221;15px&#8221; form_field_letter_spacing=&#8221;1px&#8221; custom_button=&#8221;on&#8221; button_text_size=&#8221;14px&#8221; button_text_color=&#8221;#ffffff&#8221; button_bg_color=&#8221;#f9002b&#8221; button_border_width=&#8221;0px&#8221; button_letter_spacing=&#8221;2px&#8221; button_font=&#8221;Montserrat|600||on|||||&#8221; button_icon=&#8221;&#xe076;||divi||400&#8243; button_icon_placement=&#8221;left&#8221; button_on_hover=&#8221;off&#8221; button_custom_margin=&#8221;40px||||false|false&#8221; button_custom_padding=&#8221;16px|26px|16px|46px|true|false&#8221; global_colors_info=&#8221;{}&#8221; button_bg_color__hover=&#8221;rgba(255,0,0,0.51)&#8221; button_bg_color__hover_enabled=&#8221;on|hover&#8221; button_bg_enable_color__hover=&#8221;on&#8221;][et_pb_contact_field field_id=&#8221;Name&#8221; field_title=&#8221;Ime&#8221; _builder_version=&#8221;4.18.0&#8243; global_colors_info=&#8221;{}&#8221; button_text_size__hover_enabled=&#8221;off&#8221; button_one_text_size__hover_enabled=&#8221;off&#8221; button_two_text_size__hover_enabled=&#8221;off&#8221; button_text_color__hover_enabled=&#8221;off&#8221; button_one_text_color__hover_enabled=&#8221;off&#8221; button_two_text_color__hover_enabled=&#8221;off&#8221; button_border_width__hover_enabled=&#8221;off&#8221; button_one_border_width__hover_enabled=&#8221;off&#8221; button_two_border_width__hover_enabled=&#8221;off&#8221; button_border_color__hover_enabled=&#8221;off&#8221; button_one_border_color__hover_enabled=&#8221;off&#8221; button_two_border_color__hover_enabled=&#8221;off&#8221; button_border_radius__hover_enabled=&#8221;off&#8221; button_one_border_radius__hover_enabled=&#8221;off&#8221; button_two_border_radius__hover_enabled=&#8221;off&#8221; button_letter_spacing__hover_enabled=&#8221;off&#8221; button_one_letter_spacing__hover_enabled=&#8221;off&#8221; button_two_letter_spacing__hover_enabled=&#8221;off&#8221; button_bg_color__hover_enabled=&#8221;off&#8221; button_one_bg_color__hover_enabled=&#8221;off&#8221; button_two_bg_color__hover_enabled=&#8221;off&#8221;][\/et_pb_contact_field][et_pb_contact_field field_id=&#8221;Email&#8221; field_title=&#8221;Email Adresa&#8221; field_type=&#8221;email&#8221; _builder_version=&#8221;4.18.0&#8243; global_colors_info=&#8221;{}&#8221; button_text_size__hover_enabled=&#8221;off&#8221; button_one_text_size__hover_enabled=&#8221;off&#8221; button_two_text_size__hover_enabled=&#8221;off&#8221; button_text_color__hover_enabled=&#8221;off&#8221; button_one_text_color__hover_enabled=&#8221;off&#8221; button_two_text_color__hover_enabled=&#8221;off&#8221; button_border_width__hover_enabled=&#8221;off&#8221; button_one_border_width__hover_enabled=&#8221;off&#8221; button_two_border_width__hover_enabled=&#8221;off&#8221; button_border_color__hover_enabled=&#8221;off&#8221; button_one_border_color__hover_enabled=&#8221;off&#8221; button_two_border_color__hover_enabled=&#8221;off&#8221; button_border_radius__hover_enabled=&#8221;off&#8221; button_one_border_radius__hover_enabled=&#8221;off&#8221; button_two_border_radius__hover_enabled=&#8221;off&#8221; button_letter_spacing__hover_enabled=&#8221;off&#8221; button_one_letter_spacing__hover_enabled=&#8221;off&#8221; button_two_letter_spacing__hover_enabled=&#8221;off&#8221; button_bg_color__hover_enabled=&#8221;off&#8221; button_one_bg_color__hover_enabled=&#8221;off&#8221; button_two_bg_color__hover_enabled=&#8221;off&#8221;][\/et_pb_contact_field][et_pb_contact_field field_id=&#8221;Message&#8221; field_title=&#8221;Poruka&#8221; field_type=&#8221;text&#8221; fullwidth_field=&#8221;on&#8221; _builder_version=&#8221;4.18.0&#8243; global_colors_info=&#8221;{}&#8221; button_text_size__hover_enabled=&#8221;off&#8221; button_one_text_size__hover_enabled=&#8221;off&#8221; button_two_text_size__hover_enabled=&#8221;off&#8221; button_text_color__hover_enabled=&#8221;off&#8221; button_one_text_color__hover_enabled=&#8221;off&#8221; button_two_text_color__hover_enabled=&#8221;off&#8221; button_border_width__hover_enabled=&#8221;off&#8221; button_one_border_width__hover_enabled=&#8221;off&#8221; button_two_border_width__hover_enabled=&#8221;off&#8221; button_border_color__hover_enabled=&#8221;off&#8221; button_one_border_color__hover_enabled=&#8221;off&#8221; button_two_border_color__hover_enabled=&#8221;off&#8221; button_border_radius__hover_enabled=&#8221;off&#8221; button_one_border_radius__hover_enabled=&#8221;off&#8221; button_two_border_radius__hover_enabled=&#8221;off&#8221; button_letter_spacing__hover_enabled=&#8221;off&#8221; button_one_letter_spacing__hover_enabled=&#8221;off&#8221; button_two_letter_spacing__hover_enabled=&#8221;off&#8221; button_bg_color__hover_enabled=&#8221;off&#8221; button_one_bg_color__hover_enabled=&#8221;off&#8221; button_two_bg_color__hover_enabled=&#8221;off&#8221;][\/et_pb_contact_field][\/et_pb_contact_form][\/et_pb_column_inner][\/et_pb_row_inner][\/et_pb_column][\/et_pb_section][et_pb_section fb_built=&#8221;1&#8243; _builder_version=&#8221;4.20.2&#8243; background_color=&#8221;#000000&#8243; background_image=&#8221;https:\/\/magicpyros.com\/wp-content\/uploads\/2023\/07\/IMG-20230702-WA0011.jpg&#8221; custom_padding=&#8221;133px|||||&#8221; global_colors_info=&#8221;{}&#8221;][et_pb_row _builder_version=&#8221;4.16&#8243; global_colors_info=&#8221;{}&#8221;][et_pb_column type=&#8221;4_4&#8243; _builder_version=&#8221;4.16&#8243; global_colors_info=&#8221;{}&#8221;][et_pb_text _builder_version=&#8221;4.16&#8243; text_text_color=&#8221;rgba(255,255,255,0.5)&#8221; text_font_size=&#8221;16px&#8221; text_line_height=&#8221;1.8em&#8221; header_2_font=&#8221;Montserrat|300|||||||&#8221; header_2_font_size=&#8221;70px&#8221; header_2_line_height=&#8221;1.2em&#8221; header_3_font=&#8221;Montserrat|700||on|||||&#8221; header_3_text_color=&#8221;#f9002b&#8221; header_3_font_size=&#8221;16px&#8221; header_3_letter_spacing=&#8221;2px&#8221; header_3_line_height=&#8221;1.4em&#8221; text_orientation=&#8221;center&#8221; background_layout=&#8221;dark&#8221; module_alignment=&#8221;center&#8221; header_2_font_size_tablet=&#8221;40px&#8221; header_2_font_size_phone=&#8221;30px&#8221; header_2_font_size_last_edited=&#8221;on|phone&#8221; header_3_font_size_tablet=&#8221;14px&#8221; header_3_font_size_phone=&#8221;&#8221; header_3_font_size_last_edited=&#8221;on|phone&#8221; locked=&#8221;off&#8221; global_colors_info=&#8221;{}&#8221;]<\/p>\n<h3>fAQ<\/h3>\n<h2>\u010cesta pitanja<\/h2>\n<p>[\/et_pb_text][et_pb_accordion open_toggle_text_color=&#8221;#ffffff&#8221; open_toggle_background_color=&#8221;rgba(255,255,255,0.13)&#8221; closed_toggle_background_color=&#8221;rgba(255,255,255,0.09)&#8221; _builder_version=&#8221;4.20.2&#8243; toggle_text_color=&#8221;#ffffff&#8221; toggle_font=&#8221;Montserrat||||||||&#8221; toggle_font_size=&#8221;14px&#8221; toggle_line_height=&#8221;1.4em&#8221; body_text_color=&#8221;rgba(255,255,255,0.5)&#8221; body_font_size=&#8221;16px&#8221; body_line_height=&#8221;1.8em&#8221; max_width=&#8221;710px&#8221; module_alignment=&#8221;center&#8221; border_width_all=&#8221;0px&#8221; global_colors_info=&#8221;{}&#8221;][et_pb_accordion_item title=&#8221;Da li prodajete protehniku ili ure\u0111aje za izvo\u0111enje specijalnih efekata?&#8221; open=&#8221;on&#8221; _builder_version=&#8221;4.20.2&#8243; background_color=&#8221;rgba(0,0,0,0.67)&#8221; background_enable_color=&#8221;on&#8221; global_colors_info=&#8221;{}&#8221;]<\/p>\n<p>Magic Effects se bavi isklju\u010divo uslugom izvo\u0111enja vatrometa i specijalnih efekata, ne prodajom pirotehnike ili ure\u0111aja.<\/p>\n<p>[\/et_pb_accordion_item][et_pb_accordion_item title=&#8221;Koje ure\u0111aje koristite za izvo\u0111enje efekata?&#8221; _builder_version=&#8221;4.20.2&#8243; background_color=&#8221;rgba(0,0,0,0.67)&#8221; background_enable_color=&#8221;on&#8221; global_colors_info=&#8221;{}&#8221; open=&#8221;off&#8221;]<\/p>\n<p>Najvi\u0161e radimo sa programom evropske firme za ure\u0111aje za specijalne efekte MAGICFX<sup>\u00ae<\/sup><\/p>\n<p>[\/et_pb_accordion_item][et_pb_accordion_item title=&#8221;Kako da znam kakav mi vatromet treba za proslavu?&#8221; _builder_version=&#8221;4.20.2&#8243; background_color=&#8221;rgba(0,0,0,0.67)&#8221; background_enable_color=&#8221;on&#8221; global_colors_info=&#8221;{}&#8221; open=&#8221;off&#8221;]<\/p>\n<p>Na na\u0161em sajtu na stranici VATROMETI mo\u017eete pogledati primere za vatromete razli\u010ditih trajanja i broja efekata koji se ispucavaju. Va\u0161a \u017eelja i bud\u017eet donose odluku, a mi smo Vam dostupni za savete od trenutka Va\u0161e ideje do samog izvo\u0111enja.<\/p>\n<p>[\/et_pb_accordion_item][et_pb_accordion_item title=&#8221;Kako se postaje pirotehni\u010dar?&#8221; _builder_version=&#8221;4.20.2&#8243; background_color=&#8221;rgba(0,0,0,0.67)&#8221; background_enable_color=&#8221;on&#8221; global_colors_info=&#8221;{}&#8221; open=&#8221;off&#8221;]<\/p>\n<p>Za izbor ovog poziva neophodna je strast prema pirotehnici i\u00a0 svim vrstama specijalnih efekata. Na\u017ealost, u na\u0161oj dr\u017eavi ne postoji formalno obraozovanje za ovu oblast jo\u0161 uvek.\u00a0<\/p>\n<p>[\/et_pb_accordion_item][et_pb_accordion_item title=&#8221;Kako mogu da postanem deo tima Magic Effects?&#8221; _builder_version=&#8221;4.20.2&#8243; background_color=&#8221;rgba(0,0,0,0.67)&#8221; background_enable_color=&#8221;on&#8221; global_colors_info=&#8221;{}&#8221; open=&#8221;off&#8221;]<\/p>\n<p>\u017deli\u0161 da se bavi\u0161 ovim poslom? Pi\u0161i nam na mejl i dogovori\u0107emo za intervju.<\/p>\n<p>[\/et_pb_accordion_item][\/et_pb_accordion][\/et_pb_column][\/et_pb_row][\/et_pb_section]<\/p>","protected":false},"excerpt":{"rendered":"<p>\u00a0 \u00a0 Kontaktirajte nasTelefon +381 63 533 730Email info@magiceffects.rsAddress Narodnog fronta 67 21000 Novi Sad SrbijafAQ \u010cesta pitanjaMagic Effects se bavi isklju\u010divo uslugom izvo\u0111enja vatrometa i specijalnih efekata, ne prodajom pirotehnike ili ure\u0111aja.Najvi\u0161e radimo sa programom evropske firme za ure\u0111aje za specijalne efekte MAGICFX\u00aeNa na\u0161em sajtu na stranici VATROMETI mo\u017eete pogledati primere za vatromete razli\u010ditih [&hellip;]<\/p>","protected":false},"author":1,"featured_media":0,"parent":0,"menu_order":0,"comment_status":"closed","ping_status":"closed","template":"","meta":{"_et_pb_use_builder":"on","_et_pb_old_content":"","_et_gb_content_width":"","om_disable_all_campaigns":false,"_monsterinsights_skip_tracking":false,"_monsterinsights_sitenote_active":false,"_monsterinsights_sitenote_note":"","_monsterinsights_sitenote_category":0,"_uf_show_specific_survey":0,"_uf_disable_surveys":false,"footnotes":""},"class_list":["post-37","page","type-page","status-publish","hentry"],"aioseo_notices":[],"yoast_head":"<!-- This site is optimized with the Yoast SEO plugin v23.9 - https:\/\/yoast.com\/wordpress\/plugins\/seo\/ -->\n<title>Kontakt - Magiceffects<\/title>\n<meta name=\"robots\" content=\"index, follow, max-snippet:-1, max-image-preview:large, max-video-preview:-1\" \/>\n<link rel=\"canonical\" href=\"https:\/\/magicpyros.com\/en\/kontakt\/\" \/>\n<meta property=\"og:locale\" content=\"en_GB\" \/>\n<meta property=\"og:type\" content=\"article\" \/>\n<meta property=\"og:title\" content=\"Kontakt - Magiceffects\" \/>\n<meta property=\"og:description\" content=\"\u00a0 \u00a0 Kontaktirajte nasTelefon +381 63 533 730Email info@magiceffects.rsAddress Narodnog fronta 67 21000 Novi Sad SrbijafAQ \u010cesta pitanjaMagic Effects se bavi isklju\u010divo uslugom izvo\u0111enja vatrometa i specijalnih efekata, ne prodajom pirotehnike ili ure\u0111aja.Najvi\u0161e radimo sa programom evropske firme za ure\u0111aje za specijalne efekte MAGICFX\u00aeNa na\u0161em sajtu na stranici VATROMETI mo\u017eete pogledati primere za vatromete razli\u010ditih [&hellip;]\" \/>\n<meta property=\"og:url\" content=\"https:\/\/magicpyros.com\/en\/kontakt\/\" \/>\n<meta property=\"og:site_name\" content=\"Magiceffects\" \/>\n<meta property=\"article:modified_time\" content=\"2023-07-23T10:55:19+00:00\" \/>\n<meta name=\"twitter:card\" content=\"summary_large_image\" \/>\n<meta name=\"twitter:label1\" content=\"Estimated reading time\" \/>\n\t<meta name=\"twitter:data1\" content=\"9 minutes\" \/>\n<script type=\"application\/ld+json\" class=\"yoast-schema-graph\">{\"@context\":\"https:\/\/schema.org\",\"@graph\":[{\"@type\":\"WebPage\",\"@id\":\"https:\/\/magicpyros.com\/kontakt\/\",\"url\":\"https:\/\/magicpyros.com\/kontakt\/\",\"name\":\"Kontakt - Magiceffects\",\"isPartOf\":{\"@id\":\"https:\/\/magicpyros.com\/#website\"},\"datePublished\":\"2023-02-09T15:40:59+00:00\",\"dateModified\":\"2023-07-23T10:55:19+00:00\",\"breadcrumb\":{\"@id\":\"https:\/\/magicpyros.com\/kontakt\/#breadcrumb\"},\"inLanguage\":\"en-GB\",\"potentialAction\":[{\"@type\":\"ReadAction\",\"target\":[\"https:\/\/magicpyros.com\/kontakt\/\"]}]},{\"@type\":\"BreadcrumbList\",\"@id\":\"https:\/\/magicpyros.com\/kontakt\/#breadcrumb\",\"itemListElement\":[{\"@type\":\"ListItem\",\"position\":1,\"name\":\"Home\",\"item\":\"https:\/\/magicpyros.com\/\"},{\"@type\":\"ListItem\",\"position\":2,\"name\":\"Kontakt\"}]},{\"@type\":\"WebSite\",\"@id\":\"https:\/\/magicpyros.com\/#website\",\"url\":\"https:\/\/magicpyros.com\/\",\"name\":\"Magiceffects\",\"description\":\"No tricks - Just pure magic\",\"potentialAction\":[{\"@type\":\"SearchAction\",\"target\":{\"@type\":\"EntryPoint\",\"urlTemplate\":\"https:\/\/magicpyros.com\/?s={search_term_string}\"},\"query-input\":{\"@type\":\"PropertyValueSpecification\",\"valueRequired\":true,\"valueName\":\"search_term_string\"}}],\"inLanguage\":\"en-GB\"}]}<\/script>\n<!-- \/ Yoast SEO plugin. -->","yoast_head_json":{"title":"Kontakt - Magiceffects","robots":{"index":"index","follow":"follow","max-snippet":"max-snippet:-1","max-image-preview":"max-image-preview:large","max-video-preview":"max-video-preview:-1"},"canonical":"https:\/\/magicpyros.com\/en\/kontakt\/","og_locale":"en_GB","og_type":"article","og_title":"Kontakt - Magiceffects","og_description":"\u00a0 \u00a0 Kontaktirajte nasTelefon +381 63 533 730Email info@magiceffects.rsAddress Narodnog fronta 67 21000 Novi Sad SrbijafAQ \u010cesta pitanjaMagic Effects se bavi isklju\u010divo uslugom izvo\u0111enja vatrometa i specijalnih efekata, ne prodajom pirotehnike ili ure\u0111aja.Najvi\u0161e radimo sa programom evropske firme za ure\u0111aje za specijalne efekte MAGICFX\u00aeNa na\u0161em sajtu na stranici VATROMETI mo\u017eete pogledati primere za vatromete razli\u010ditih [&hellip;]","og_url":"https:\/\/magicpyros.com\/en\/kontakt\/","og_site_name":"Magiceffects","article_modified_time":"2023-07-23T10:55:19+00:00","twitter_card":"summary_large_image","twitter_misc":{"Estimated reading time":"9 minutes"},"schema":{"@context":"https:\/\/schema.org","@graph":[{"@type":"WebPage","@id":"https:\/\/magicpyros.com\/kontakt\/","url":"https:\/\/magicpyros.com\/kontakt\/","name":"Kontakt - Magiceffects","isPartOf":{"@id":"https:\/\/magicpyros.com\/#website"},"datePublished":"2023-02-09T15:40:59+00:00","dateModified":"2023-07-23T10:55:19+00:00","breadcrumb":{"@id":"https:\/\/magicpyros.com\/kontakt\/#breadcrumb"},"inLanguage":"en-GB","potentialAction":[{"@type":"ReadAction","target":["https:\/\/magicpyros.com\/kontakt\/"]}]},{"@type":"BreadcrumbList","@id":"https:\/\/magicpyros.com\/kontakt\/#breadcrumb","itemListElement":[{"@type":"ListItem","position":1,"name":"Home","item":"https:\/\/magicpyros.com\/"},{"@type":"ListItem","position":2,"name":"Kontakt"}]},{"@type":"WebSite","@id":"https:\/\/magicpyros.com\/#website","url":"https:\/\/magicpyros.com\/","name":"Magiceffects","description":"No tricks - Just pure magic","potentialAction":[{"@type":"SearchAction","target":{"@type":"EntryPoint","urlTemplate":"https:\/\/magicpyros.com\/?s={search_term_string}"},"query-input":{"@type":"PropertyValueSpecification","valueRequired":true,"valueName":"search_term_string"}}],"inLanguage":"en-GB"}]}},"_links":{"self":[{"href":"https:\/\/magicpyros.com\/en\/wp-json\/wp\/v2\/pages\/37","targetHints":{"allow":["GET"]}}],"collection":[{"href":"https:\/\/magicpyros.com\/en\/wp-json\/wp\/v2\/pages"}],"about":[{"href":"https:\/\/magicpyros.com\/en\/wp-json\/wp\/v2\/types\/page"}],"author":[{"embeddable":true,"href":"https:\/\/magicpyros.com\/en\/wp-json\/wp\/v2\/users\/1"}],"replies":[{"embeddable":true,"href":"https:\/\/magicpyros.com\/en\/wp-json\/wp\/v2\/comments?post=37"}],"version-history":[{"count":20,"href":"https:\/\/magicpyros.com\/en\/wp-json\/wp\/v2\/pages\/37\/revisions"}],"predecessor-version":[{"id":987499541,"href":"https:\/\/magicpyros.com\/en\/wp-json\/wp\/v2\/pages\/37\/revisions\/987499541"}],"wp:attachment":[{"href":"https:\/\/magicpyros.com\/en\/wp-json\/wp\/v2\/media?parent=37"}],"curies":[{"name":"wp","href":"https:\/\/api.w.org\/{rel}","templated":true}]}}