{"id":237501,"date":"2023-04-17T07:54:48","date_gmt":"2023-04-17T07:54:48","guid":{"rendered":"https:\/\/magicpyros.com\/novisajt\/?page_id=237501"},"modified":"2024-05-20T18:42:22","modified_gmt":"2024-05-20T18:42:22","slug":"sneg","status":"publish","type":"page","link":"https:\/\/magicpyros.com\/en\/sneg\/","title":{"rendered":"Sneg"},"content":{"rendered":"<p>[et_pb_section fb_built=&#8221;1&#8243; custom_padding_last_edited=&#8221;off|phone&#8221; admin_label=&#8221;Header&#8221; _builder_version=&#8221;4.20.2&#8243; background_image=&#8221;https:\/\/magicpyros.com\/wp-content\/uploads\/2023\/06\/sneg.png&#8221; parallax=&#8221;on&#8221; height=&#8221;425px&#8221; max_height=&#8221;435px&#8221; custom_padding=&#8221;9vw||9vw||false|false&#8221; locked=&#8221;off&#8221; global_colors_info=&#8221;{}&#8221;][et_pb_row _builder_version=&#8221;4.16&#8243; custom_margin=&#8221;-34px|auto||auto||&#8221; global_colors_info=&#8221;{}&#8221;][et_pb_column type=&#8221;4_4&#8243; _builder_version=&#8221;4.16&#8243; custom_padding_tablet=&#8221;30px||30px||true|false&#8221; custom_padding_last_edited=&#8221;off|desktop&#8221; global_colors_info=&#8221;{}&#8221;][et_pb_text _builder_version=&#8221;4.20.2&#8243; text_text_color=&#8221;rgba(255,255,255,0.5)&#8221; text_font_size=&#8221;16px&#8221; text_line_height=&#8221;1.8em&#8221; header_font=&#8221;|700||on|||||&#8221; header_font_size=&#8221;6vw&#8221; header_line_height=&#8221;1.2em&#8221; header_3_font=&#8221;Montserrat|700||on|||||&#8221; header_3_text_color=&#8221;rgba(255,255,255,0.5)&#8221; header_3_font_size=&#8221;16px&#8221; header_3_letter_spacing=&#8221;2px&#8221; header_3_line_height=&#8221;1.4em&#8221; background_layout=&#8221;dark&#8221; header_3_font_size_tablet=&#8221;14px&#8221; header_3_font_size_phone=&#8221;&#8221; header_3_font_size_last_edited=&#8221;on|phone&#8221; text_text_align=&#8221;left&#8221; locked=&#8221;off&#8221; global_colors_info=&#8221;{}&#8221;]<\/p>\n<h1>Sneg<\/h1>\n<p>[\/et_pb_text][\/et_pb_column][\/et_pb_row][\/et_pb_section][et_pb_section fb_built=&#8221;1&#8243; _builder_version=&#8221;4.20.2&#8243; _module_preset=&#8221;default&#8221; background_color=&#8221;#000000&#8243; custom_margin=&#8221;0px|0px|0px|0px|true|true&#8221; custom_padding=&#8221;0%||5%||false|false&#8221; global_colors_info=&#8221;{}&#8221;][et_pb_row _builder_version=&#8221;4.16&#8243; _module_preset=&#8221;default&#8221; custom_margin=&#8221;||3%||false|false&#8221; global_colors_info=&#8221;{}&#8221;][et_pb_column type=&#8221;4_4&#8243; _builder_version=&#8221;4.16&#8243; _module_preset=&#8221;default&#8221; global_colors_info=&#8221;{}&#8221;][et_pb_divider color=&#8221;#fffbf9&#8243; divider_weight=&#8221;10px&#8221; _builder_version=&#8221;4.16&#8243; _module_preset=&#8221;default&#8221; width=&#8221;14%&#8221; height=&#8221;10px&#8221; border_radii=&#8221;on|10px|10px|10px|10px&#8221; global_colors_info=&#8221;{}&#8221;][\/et_pb_divider][\/et_pb_column][\/et_pb_row][et_pb_row make_equal=&#8221;on&#8221; _builder_version=&#8221;4.20.2&#8243; _module_preset=&#8221;default&#8221; min_height=&#8221;502px&#8221; custom_margin=&#8221;|auto|-282px|auto||&#8221; global_colors_info=&#8221;{}&#8221;][et_pb_column type=&#8221;4_4&#8243; _builder_version=&#8221;4.16&#8243; _module_preset=&#8221;default&#8221; global_colors_info=&#8221;{}&#8221;][et_pb_text _builder_version=&#8221;4.21.0&#8243; _module_preset=&#8221;default&#8221; text_text_color=&#8221;#FFFFFF&#8221; header_3_text_color=&#8221;#FFFFFF&#8221; hover_enabled=&#8221;0&#8243; global_colors_info=&#8221;{}&#8221; text_font_size=&#8221;18px&#8221; sticky_enabled=&#8221;0&#8243;]<\/p>\n<h3><span style=\"color: #ffffff; font-size: xx-large;\">Sneg<\/span><\/h3>\n<p><span style=\"color: #ffffff; font-size: xx-large;\"><\/span><\/p>\n<p>Snimate u prolje\u0107e i jedva \u010dekate prosinac i prvi snijeg&#8230; Na va\u0161u sre\u0107u, Magic Pyros ima nekoliko strojeva za snijeg, opremljenih prate\u0107om opremom za ispunjavanje svih potreba scene ili snimanja.<\/p>\n<p>Pahulje mogu biti ve\u0107e ili manje, snijeg mo\u017ee padati tek-tek ili \u0107emo vam napraviti pravu me\u0107avu. Snijeg je napravljen od potpuno sigurnih teku\u0107ina koje ne ostavljaju mrlje na odje\u0107i niti iritiraju ko\u017eu.<\/p>\n<p>&nbsp;<\/p>\n<p>[\/et_pb_text][et_pb_gallery gallery_ids=&#8221;237925,237926,237927&#8243; show_title_and_caption=&#8221;off&#8221; show_pagination=&#8221;off&#8221; _builder_version=&#8221;4.20.2&#8243; _module_preset=&#8221;default&#8221; global_colors_info=&#8221;{}&#8221;][\/et_pb_gallery][\/et_pb_column][\/et_pb_row][\/et_pb_section]<\/p>","protected":false},"excerpt":{"rendered":"<p>SnegSneg Snimate u prolje\u0107e i jedva \u010dekate prosinac i prvi snijeg&#8230; Na va\u0161u sre\u0107u, Magic Pyros ima nekoliko strojeva za snijeg, opremljenih prate\u0107om opremom za ispunjavanje svih potreba scene ili snimanja. Pahulje mogu biti ve\u0107e ili manje, snijeg mo\u017ee padati tek-tek ili \u0107emo vam napraviti pravu me\u0107avu. Snijeg je napravljen od potpuno sigurnih teku\u0107ina koje [&hellip;]<\/p>","protected":false},"author":1,"featured_media":0,"parent":0,"menu_order":0,"comment_status":"closed","ping_status":"closed","template":"","meta":{"_et_pb_use_builder":"on","_et_pb_old_content":"","_et_gb_content_width":"","om_disable_all_campaigns":false,"_monsterinsights_skip_tracking":false,"_monsterinsights_sitenote_active":false,"_monsterinsights_sitenote_note":"","_monsterinsights_sitenote_category":0,"_uf_show_specific_survey":0,"_uf_disable_surveys":false,"footnotes":""},"class_list":["post-237501","page","type-page","status-publish","hentry"],"aioseo_notices":[],"yoast_head":"<!-- This site is optimized with the Yoast SEO plugin v23.9 - https:\/\/yoast.com\/wordpress\/plugins\/seo\/ -->\n<title>Sneg - Magiceffects<\/title>\n<meta name=\"robots\" content=\"index, follow, max-snippet:-1, max-image-preview:large, max-video-preview:-1\" \/>\n<link rel=\"canonical\" href=\"https:\/\/magicpyros.com\/en\/sneg\/\" \/>\n<meta property=\"og:locale\" content=\"en_GB\" \/>\n<meta property=\"og:type\" content=\"article\" \/>\n<meta property=\"og:title\" content=\"Sneg - Magiceffects\" \/>\n<meta property=\"og:description\" content=\"SnegSneg Snimate u prolje\u0107e i jedva \u010dekate prosinac i prvi snijeg... Na va\u0161u sre\u0107u, Magic Pyros ima nekoliko strojeva za snijeg, opremljenih prate\u0107om opremom za ispunjavanje svih potreba scene ili snimanja. Pahulje mogu biti ve\u0107e ili manje, snijeg mo\u017ee padati tek-tek ili \u0107emo vam napraviti pravu me\u0107avu. Snijeg je napravljen od potpuno sigurnih teku\u0107ina koje [&hellip;]\" \/>\n<meta property=\"og:url\" content=\"https:\/\/magicpyros.com\/en\/sneg\/\" \/>\n<meta property=\"og:site_name\" content=\"Magiceffects\" \/>\n<meta property=\"article:modified_time\" content=\"2024-05-20T18:42:22+00:00\" \/>\n<meta name=\"twitter:card\" content=\"summary_large_image\" \/>\n<meta name=\"twitter:label1\" content=\"Estimated reading time\" \/>\n\t<meta name=\"twitter:data1\" content=\"2 minutes\" \/>\n<script type=\"application\/ld+json\" class=\"yoast-schema-graph\">{\"@context\":\"https:\/\/schema.org\",\"@graph\":[{\"@type\":\"WebPage\",\"@id\":\"https:\/\/magicpyros.com\/sneg\/\",\"url\":\"https:\/\/magicpyros.com\/sneg\/\",\"name\":\"Sneg - Magiceffects\",\"isPartOf\":{\"@id\":\"https:\/\/magicpyros.com\/#website\"},\"datePublished\":\"2023-04-17T07:54:48+00:00\",\"dateModified\":\"2024-05-20T18:42:22+00:00\",\"breadcrumb\":{\"@id\":\"https:\/\/magicpyros.com\/sneg\/#breadcrumb\"},\"inLanguage\":\"en-GB\",\"potentialAction\":[{\"@type\":\"ReadAction\",\"target\":[\"https:\/\/magicpyros.com\/sneg\/\"]}]},{\"@type\":\"BreadcrumbList\",\"@id\":\"https:\/\/magicpyros.com\/sneg\/#breadcrumb\",\"itemListElement\":[{\"@type\":\"ListItem\",\"position\":1,\"name\":\"Home\",\"item\":\"https:\/\/magicpyros.com\/\"},{\"@type\":\"ListItem\",\"position\":2,\"name\":\"Sneg\"}]},{\"@type\":\"WebSite\",\"@id\":\"https:\/\/magicpyros.com\/#website\",\"url\":\"https:\/\/magicpyros.com\/\",\"name\":\"Magiceffects\",\"description\":\"No tricks - Just pure magic\",\"potentialAction\":[{\"@type\":\"SearchAction\",\"target\":{\"@type\":\"EntryPoint\",\"urlTemplate\":\"https:\/\/magicpyros.com\/?s={search_term_string}\"},\"query-input\":{\"@type\":\"PropertyValueSpecification\",\"valueRequired\":true,\"valueName\":\"search_term_string\"}}],\"inLanguage\":\"en-GB\"}]}<\/script>\n<!-- \/ Yoast SEO plugin. -->","yoast_head_json":{"title":"Sneg - Magiceffects","robots":{"index":"index","follow":"follow","max-snippet":"max-snippet:-1","max-image-preview":"max-image-preview:large","max-video-preview":"max-video-preview:-1"},"canonical":"https:\/\/magicpyros.com\/en\/sneg\/","og_locale":"en_GB","og_type":"article","og_title":"Sneg - Magiceffects","og_description":"SnegSneg Snimate u prolje\u0107e i jedva \u010dekate prosinac i prvi snijeg... Na va\u0161u sre\u0107u, Magic Pyros ima nekoliko strojeva za snijeg, opremljenih prate\u0107om opremom za ispunjavanje svih potreba scene ili snimanja. Pahulje mogu biti ve\u0107e ili manje, snijeg mo\u017ee padati tek-tek ili \u0107emo vam napraviti pravu me\u0107avu. Snijeg je napravljen od potpuno sigurnih teku\u0107ina koje [&hellip;]","og_url":"https:\/\/magicpyros.com\/en\/sneg\/","og_site_name":"Magiceffects","article_modified_time":"2024-05-20T18:42:22+00:00","twitter_card":"summary_large_image","twitter_misc":{"Estimated reading time":"2 minutes"},"schema":{"@context":"https:\/\/schema.org","@graph":[{"@type":"WebPage","@id":"https:\/\/magicpyros.com\/sneg\/","url":"https:\/\/magicpyros.com\/sneg\/","name":"Sneg - Magiceffects","isPartOf":{"@id":"https:\/\/magicpyros.com\/#website"},"datePublished":"2023-04-17T07:54:48+00:00","dateModified":"2024-05-20T18:42:22+00:00","breadcrumb":{"@id":"https:\/\/magicpyros.com\/sneg\/#breadcrumb"},"inLanguage":"en-GB","potentialAction":[{"@type":"ReadAction","target":["https:\/\/magicpyros.com\/sneg\/"]}]},{"@type":"BreadcrumbList","@id":"https:\/\/magicpyros.com\/sneg\/#breadcrumb","itemListElement":[{"@type":"ListItem","position":1,"name":"Home","item":"https:\/\/magicpyros.com\/"},{"@type":"ListItem","position":2,"name":"Sneg"}]},{"@type":"WebSite","@id":"https:\/\/magicpyros.com\/#website","url":"https:\/\/magicpyros.com\/","name":"Magiceffects","description":"No tricks - Just pure magic","potentialAction":[{"@type":"SearchAction","target":{"@type":"EntryPoint","urlTemplate":"https:\/\/magicpyros.com\/?s={search_term_string}"},"query-input":{"@type":"PropertyValueSpecification","valueRequired":true,"valueName":"search_term_string"}}],"inLanguage":"en-GB"}]}},"_links":{"self":[{"href":"https:\/\/magicpyros.com\/en\/wp-json\/wp\/v2\/pages\/237501","targetHints":{"allow":["GET"]}}],"collection":[{"href":"https:\/\/magicpyros.com\/en\/wp-json\/wp\/v2\/pages"}],"about":[{"href":"https:\/\/magicpyros.com\/en\/wp-json\/wp\/v2\/types\/page"}],"author":[{"embeddable":true,"href":"https:\/\/magicpyros.com\/en\/wp-json\/wp\/v2\/users\/1"}],"replies":[{"embeddable":true,"href":"https:\/\/magicpyros.com\/en\/wp-json\/wp\/v2\/comments?post=237501"}],"version-history":[{"count":7,"href":"https:\/\/magicpyros.com\/en\/wp-json\/wp\/v2\/pages\/237501\/revisions"}],"predecessor-version":[{"id":987499693,"href":"https:\/\/magicpyros.com\/en\/wp-json\/wp\/v2\/pages\/237501\/revisions\/987499693"}],"wp:attachment":[{"href":"https:\/\/magicpyros.com\/en\/wp-json\/wp\/v2\/media?parent=237501"}],"curies":[{"name":"wp","href":"https:\/\/api.w.org\/{rel}","templated":true}]}}