{"id":237424,"date":"2023-04-16T18:08:36","date_gmt":"2023-04-16T18:08:36","guid":{"rendered":"https:\/\/magicpyros.com\/novisajt\/?page_id=237424"},"modified":"2024-05-20T18:39:35","modified_gmt":"2024-05-20T18:39:35","slug":"dim","status":"publish","type":"page","link":"https:\/\/magicpyros.com\/en\/dim\/","title":{"rendered":"Dim"},"content":{"rendered":"<p>[et_pb_section fb_built=&#8221;1&#8243; custom_padding_last_edited=&#8221;off|phone&#8221; admin_label=&#8221;Header&#8221; _builder_version=&#8221;4.20.2&#8243; background_image=&#8221;https:\/\/magicpyros.com\/wp-content\/uploads\/2023\/05\/dim.sajt_.png&#8221; parallax=&#8221;on&#8221; height=&#8221;505px&#8221; max_height=&#8221;505px&#8221; custom_padding=&#8221;9vw||9vw||true|false&#8221; locked=&#8221;off&#8221; global_colors_info=&#8221;{}&#8221;][et_pb_row _builder_version=&#8221;4.20.2&#8243; custom_margin=&#8221;43px|-24px|-13px|164px|false|false&#8221; global_colors_info=&#8221;{}&#8221;][et_pb_column type=&#8221;4_4&#8243; _builder_version=&#8221;4.16&#8243; custom_padding_tablet=&#8221;30px||30px||true|false&#8221; custom_padding_last_edited=&#8221;off|desktop&#8221; global_colors_info=&#8221;{}&#8221;][et_pb_text _builder_version=&#8221;4.20.2&#8243; text_text_color=&#8221;rgba(255,255,255,0.5)&#8221; text_font_size=&#8221;16px&#8221; text_line_height=&#8221;1.8em&#8221; header_font=&#8221;|700||on|||||&#8221; header_font_size=&#8221;6vw&#8221; header_line_height=&#8221;1.2em&#8221; header_3_font=&#8221;Montserrat|700||on|||||&#8221; header_3_text_color=&#8221;rgba(255,255,255,0.5)&#8221; header_3_font_size=&#8221;16px&#8221; header_3_letter_spacing=&#8221;2px&#8221; header_3_line_height=&#8221;1.4em&#8221; background_layout=&#8221;dark&#8221; header_3_font_size_tablet=&#8221;14px&#8221; header_3_font_size_phone=&#8221;&#8221; header_3_font_size_last_edited=&#8221;on|phone&#8221; text_text_align=&#8221;left&#8221; locked=&#8221;off&#8221; global_colors_info=&#8221;{}&#8221;]<\/p>\n<h1>Dim<\/h1>\n<p>[\/et_pb_text][\/et_pb_column][\/et_pb_row][\/et_pb_section][et_pb_section fb_built=&#8221;1&#8243; _builder_version=&#8221;4.20.2&#8243; _module_preset=&#8221;default&#8221; background_color=&#8221;#000000&#8243; custom_margin=&#8221;0px|0px|0px|0px|true|true&#8221; custom_padding=&#8221;0%||5%||false|false&#8221; global_colors_info=&#8221;{}&#8221;][et_pb_row _builder_version=&#8221;4.16&#8243; _module_preset=&#8221;default&#8221; custom_margin=&#8221;||3%||false|false&#8221; global_colors_info=&#8221;{}&#8221;][et_pb_column type=&#8221;4_4&#8243; _builder_version=&#8221;4.16&#8243; _module_preset=&#8221;default&#8221; global_colors_info=&#8221;{}&#8221;][et_pb_divider color=&#8221;#fffbf9&#8243; divider_weight=&#8221;10px&#8221; _builder_version=&#8221;4.16&#8243; _module_preset=&#8221;default&#8221; width=&#8221;14%&#8221; height=&#8221;10px&#8221; border_radii=&#8221;on|10px|10px|10px|10px&#8221; global_colors_info=&#8221;{}&#8221;][\/et_pb_divider][\/et_pb_column][\/et_pb_row][et_pb_row column_structure=&#8221;1_3,1_3,1_3&#8243; make_equal=&#8221;on&#8221; _builder_version=&#8221;4.20.2&#8243; _module_preset=&#8221;default&#8221; global_colors_info=&#8221;{}&#8221;][et_pb_column type=&#8221;1_3&#8243; _builder_version=&#8221;4.16&#8243; _module_preset=&#8221;default&#8221; global_colors_info=&#8221;{}&#8221;][et_pb_button button_url=&#8221;#plamen&#8221; button_text=&#8221;Podni dim&#8221; _builder_version=&#8221;4.20.2&#8243; _module_preset=&#8221;default&#8221; custom_button=&#8221;on&#8221; button_text_color=&#8221;#FFFFFF&#8221; global_colors_info=&#8221;{}&#8221;][\/et_pb_button][\/et_pb_column][et_pb_column type=&#8221;1_3&#8243; _builder_version=&#8221;4.16&#8243; _module_preset=&#8221;default&#8221; global_colors_info=&#8221;{}&#8221;][et_pb_button button_url=&#8221;#FlameTorch&#8221; button_text=&#8221;Fog&#8221; _builder_version=&#8221;4.20.2&#8243; _module_preset=&#8221;default&#8221; custom_button=&#8221;on&#8221; button_text_color=&#8221;#FFFFFF&#8221; global_colors_info=&#8221;{}&#8221;][\/et_pb_button][\/et_pb_column][et_pb_column type=&#8221;1_3&#8243; _builder_version=&#8221;4.16&#8243; _module_preset=&#8221;default&#8221; global_colors_info=&#8221;{}&#8221;][et_pb_button button_url=&#8221;#Fire&#8221; button_text=&#8221;Dimovi u boji&#8221; _builder_version=&#8221;4.20.2&#8243; _module_preset=&#8221;default&#8221; custom_button=&#8221;on&#8221; button_text_color=&#8221;#FFFFFF&#8221; global_colors_info=&#8221;{}&#8221;][\/et_pb_button][\/et_pb_column][\/et_pb_row][et_pb_row make_equal=&#8221;on&#8221; _builder_version=&#8221;4.20.2&#8243; _module_preset=&#8221;default&#8221; min_height=&#8221;502px&#8221; global_colors_info=&#8221;{}&#8221;][et_pb_column type=&#8221;4_4&#8243; _builder_version=&#8221;4.16&#8243; _module_preset=&#8221;default&#8221; global_colors_info=&#8221;{}&#8221;][et_pb_text _builder_version=&#8221;4.21.0&#8243; _module_preset=&#8221;default&#8221; text_text_color=&#8221;#FFFFFF&#8221; header_3_text_color=&#8221;#FFFFFF&#8221; hover_enabled=&#8221;0&#8243; global_colors_info=&#8221;{}&#8221; text_font_size=&#8221;18px&#8221; sticky_enabled=&#8221;0&#8243;]<\/p>\n<h3><span style=\"font-size: xx-large;\">Podni dim<\/span><\/h3>\n<p>&nbsp;<\/p>\n<p>Podni dim ili suhi led je gusta bijela mutna magla koja se svojom te\u017einom zadr\u017eava na podu.<\/p>\n<p>Djeluje magi\u010dno na pozornici i stoga je jedan od omiljenih efekata dramskih, baletnih i opernih redatelja. Njegovo trajanje uvjetovano je \u017eeljom klijenta, kao i gusto\u0107om i brzinom otpu\u0161tanja.<\/p>\n<p>Nema mirisa ni temperature, ne mokri pod, stoga je potpuno siguran za sve vrste plesnih i kazali\u0161nih scena.<\/p>\n<p>Neizostavan je ukras prvog bra\u010dnog plesa, a fotografije s vjen\u010danja izgledaju fantasti\u010dno i sve\u010dano.<\/p>\n<p>&nbsp;<\/p>\n<p>[\/et_pb_text][et_pb_gallery gallery_ids=&#8221;237428,237429,237430,237431,237432,237433,238020&#8243; posts_number=&#8221;20&#8243; show_title_and_caption=&#8221;off&#8221; show_pagination=&#8221;off&#8221; module_id=&#8221;testimonial-copy-1&#8243; module_class=&#8221;show-testimonial&#8221; _builder_version=&#8221;4.20.2&#8243; _module_preset=&#8221;default&#8221; global_colors_info=&#8221;{}&#8221;][\/et_pb_gallery][\/et_pb_column][\/et_pb_row][et_pb_row make_equal=&#8221;on&#8221; module_id=&#8221;FlameTorch&#8221; _builder_version=&#8221;4.20.2&#8243; _module_preset=&#8221;default&#8221; min_height=&#8221;502px&#8221; global_colors_info=&#8221;{}&#8221;][et_pb_column type=&#8221;4_4&#8243; _builder_version=&#8221;4.16&#8243; _module_preset=&#8221;default&#8221; global_colors_info=&#8221;{}&#8221;][et_pb_text _builder_version=&#8221;4.21.0&#8243; _module_preset=&#8221;default&#8221; text_text_color=&#8221;#FFFFFF&#8221; header_3_text_color=&#8221;#FFFFFF&#8221; hover_enabled=&#8221;0&#8243; global_colors_info=&#8221;{}&#8221; text_font_size=&#8221;18px&#8221; sticky_enabled=&#8221;0&#8243;]<\/p>\n<h3><span style=\"font-size: xx-large;\">Fog<\/span><\/h3>\n<p><span style=\"font-size: xx-large;\"><\/span><\/p>\n<p><span style=\"font-size: xx-large;\"><\/span><\/p>\n<p>Fog ili magla je dim koji ispunjava prostor snimanja ili scenu u kojoj se doga\u0111aj izvodi.<\/p>\n<p>Najvi\u0161e se koristi u svrhu materijalizacije svjetlosnih zraka, zbog \u010dega je neophodan svakom dizajneru svjetla ili direktoru fotografije.<\/p>\n<p>Ma\u0161ine za dim koje posjedujemo omogu\u0107uju nam kontrolu brzine, gusto\u0107e, visine i raspodjele dima u prostoru, ovisno o potrebama klijenta.<\/p>\n<p>&nbsp;<\/p>\n<p>[\/et_pb_text][et_pb_gallery gallery_ids=&#8221;237441,237442,237443,238017,238018&#8243; posts_number=&#8221;20&#8243; show_title_and_caption=&#8221;off&#8221; show_pagination=&#8221;off&#8221; module_id=&#8221;testimonial-copy-1&#8243; module_class=&#8221;show-testimonial&#8221; _builder_version=&#8221;4.20.2&#8243; _module_preset=&#8221;default&#8221; global_colors_info=&#8221;{}&#8221;][\/et_pb_gallery][\/et_pb_column][\/et_pb_row][et_pb_row make_equal=&#8221;on&#8221; module_id=&#8221;Fire&#8221; _builder_version=&#8221;4.20.2&#8243; _module_preset=&#8221;default&#8221; min_height=&#8221;502px&#8221; custom_margin=&#8221;||||false|false&#8221; custom_padding=&#8221;||||false|false&#8221; global_colors_info=&#8221;{}&#8221;][et_pb_column type=&#8221;4_4&#8243; _builder_version=&#8221;4.16&#8243; _module_preset=&#8221;default&#8221; global_colors_info=&#8221;{}&#8221;][et_pb_text _builder_version=&#8221;4.21.0&#8243; _module_preset=&#8221;default&#8221; text_text_color=&#8221;#FFFFFF&#8221; header_3_text_color=&#8221;#FFFFFF&#8221; hover_enabled=&#8221;0&#8243; global_colors_info=&#8221;{}&#8221; text_font_size=&#8221;18px&#8221; sticky_enabled=&#8221;0&#8243;]<\/p>\n<h3><span style=\"font-size: xx-large;\">Dimovi u boji<\/span><\/h3>\n<p><span style=\"font-size: xx-large;\"><\/span><\/p>\n<p><span style=\"font-size: xx-large;\"><\/span><\/p>\n<p>Dim u boji, poznat i kao &#8216;dimnjak&#8217; je pirotehni\u010dko sredstvo koje daje efekt dima u boji.<\/p>\n<p>Trajanje u\u010dinka mo\u017ee biti kra\u0107e ili du\u017ee, koristi se ru\u010dno ili sa zemlje.<\/p>\n<p>Koristi se za proslave i snimanja, uz preporuku da se koristi danju kako bi vizualni efekt bio \u0161to atraktivniji.<\/p>\n<p>Dim je bezopasan, bez mirisa i temperature, ali budu\u0107i da se radi o pirotehnici, klijent dobiva sigurnosne upute za kori\u0161tenje, ako \u017eeli sam aktivirati &#8216;dimnjak&#8217;.<\/p>\n<p>&nbsp;<\/p>\n<p>[\/et_pb_text][et_pb_gallery gallery_ids=&#8221;237438,237439,237440&#8243; posts_number=&#8221;20&#8243; show_title_and_caption=&#8221;off&#8221; show_pagination=&#8221;off&#8221; module_id=&#8221;testimonial-copy-1&#8243; module_class=&#8221;show-testimonial&#8221; _builder_version=&#8221;4.20.2&#8243; _module_preset=&#8221;default&#8221; global_colors_info=&#8221;{}&#8221;][\/et_pb_gallery][\/et_pb_column][\/et_pb_row][\/et_pb_section]<\/p>","protected":false},"excerpt":{"rendered":"<p>DimPodni dim &nbsp; Podni dim ili suhi led je gusta bijela mutna magla koja se svojom te\u017einom zadr\u017eava na podu. Djeluje magi\u010dno na pozornici i stoga je jedan od omiljenih efekata dramskih, baletnih i opernih redatelja. Njegovo trajanje uvjetovano je \u017eeljom klijenta, kao i gusto\u0107om i brzinom otpu\u0161tanja. Nema mirisa ni temperature, ne mokri pod, [&hellip;]<\/p>","protected":false},"author":1,"featured_media":0,"parent":0,"menu_order":0,"comment_status":"closed","ping_status":"closed","template":"","meta":{"_et_pb_use_builder":"on","_et_pb_old_content":"","_et_gb_content_width":"","om_disable_all_campaigns":false,"_monsterinsights_skip_tracking":false,"_monsterinsights_sitenote_active":false,"_monsterinsights_sitenote_note":"","_monsterinsights_sitenote_category":0,"_uf_show_specific_survey":0,"_uf_disable_surveys":false,"footnotes":""},"class_list":["post-237424","page","type-page","status-publish","hentry"],"aioseo_notices":[],"yoast_head":"<!-- This site is optimized with the Yoast SEO plugin v23.9 - https:\/\/yoast.com\/wordpress\/plugins\/seo\/ -->\n<title>Dim - Magiceffects<\/title>\n<meta name=\"robots\" content=\"index, follow, max-snippet:-1, max-image-preview:large, max-video-preview:-1\" \/>\n<link rel=\"canonical\" href=\"https:\/\/magicpyros.com\/en\/dim\/\" \/>\n<meta property=\"og:locale\" content=\"en_GB\" \/>\n<meta property=\"og:type\" content=\"article\" \/>\n<meta property=\"og:title\" content=\"Dim - Magiceffects\" \/>\n<meta property=\"og:description\" content=\"DimPodni dim &nbsp; Podni dim ili suhi led je gusta bijela mutna magla koja se svojom te\u017einom zadr\u017eava na podu. Djeluje magi\u010dno na pozornici i stoga je jedan od omiljenih efekata dramskih, baletnih i opernih redatelja. Njegovo trajanje uvjetovano je \u017eeljom klijenta, kao i gusto\u0107om i brzinom otpu\u0161tanja. Nema mirisa ni temperature, ne mokri pod, [&hellip;]\" \/>\n<meta property=\"og:url\" content=\"https:\/\/magicpyros.com\/en\/dim\/\" \/>\n<meta property=\"og:site_name\" content=\"Magiceffects\" \/>\n<meta property=\"article:modified_time\" content=\"2024-05-20T18:39:35+00:00\" \/>\n<meta name=\"twitter:card\" content=\"summary_large_image\" \/>\n<meta name=\"twitter:label1\" content=\"Estimated reading time\" \/>\n\t<meta name=\"twitter:data1\" content=\"5 minutes\" \/>\n<script type=\"application\/ld+json\" class=\"yoast-schema-graph\">{\"@context\":\"https:\/\/schema.org\",\"@graph\":[{\"@type\":\"WebPage\",\"@id\":\"https:\/\/magicpyros.com\/dim\/\",\"url\":\"https:\/\/magicpyros.com\/dim\/\",\"name\":\"Dim - Magiceffects\",\"isPartOf\":{\"@id\":\"https:\/\/magicpyros.com\/#website\"},\"datePublished\":\"2023-04-16T18:08:36+00:00\",\"dateModified\":\"2024-05-20T18:39:35+00:00\",\"breadcrumb\":{\"@id\":\"https:\/\/magicpyros.com\/dim\/#breadcrumb\"},\"inLanguage\":\"en-GB\",\"potentialAction\":[{\"@type\":\"ReadAction\",\"target\":[\"https:\/\/magicpyros.com\/dim\/\"]}]},{\"@type\":\"BreadcrumbList\",\"@id\":\"https:\/\/magicpyros.com\/dim\/#breadcrumb\",\"itemListElement\":[{\"@type\":\"ListItem\",\"position\":1,\"name\":\"Home\",\"item\":\"https:\/\/magicpyros.com\/\"},{\"@type\":\"ListItem\",\"position\":2,\"name\":\"Dim\"}]},{\"@type\":\"WebSite\",\"@id\":\"https:\/\/magicpyros.com\/#website\",\"url\":\"https:\/\/magicpyros.com\/\",\"name\":\"Magiceffects\",\"description\":\"No tricks - Just pure magic\",\"potentialAction\":[{\"@type\":\"SearchAction\",\"target\":{\"@type\":\"EntryPoint\",\"urlTemplate\":\"https:\/\/magicpyros.com\/?s={search_term_string}\"},\"query-input\":{\"@type\":\"PropertyValueSpecification\",\"valueRequired\":true,\"valueName\":\"search_term_string\"}}],\"inLanguage\":\"en-GB\"}]}<\/script>\n<!-- \/ Yoast SEO plugin. -->","yoast_head_json":{"title":"Dim - Magiceffects","robots":{"index":"index","follow":"follow","max-snippet":"max-snippet:-1","max-image-preview":"max-image-preview:large","max-video-preview":"max-video-preview:-1"},"canonical":"https:\/\/magicpyros.com\/en\/dim\/","og_locale":"en_GB","og_type":"article","og_title":"Dim - Magiceffects","og_description":"DimPodni dim &nbsp; Podni dim ili suhi led je gusta bijela mutna magla koja se svojom te\u017einom zadr\u017eava na podu. Djeluje magi\u010dno na pozornici i stoga je jedan od omiljenih efekata dramskih, baletnih i opernih redatelja. Njegovo trajanje uvjetovano je \u017eeljom klijenta, kao i gusto\u0107om i brzinom otpu\u0161tanja. Nema mirisa ni temperature, ne mokri pod, [&hellip;]","og_url":"https:\/\/magicpyros.com\/en\/dim\/","og_site_name":"Magiceffects","article_modified_time":"2024-05-20T18:39:35+00:00","twitter_card":"summary_large_image","twitter_misc":{"Estimated reading time":"5 minutes"},"schema":{"@context":"https:\/\/schema.org","@graph":[{"@type":"WebPage","@id":"https:\/\/magicpyros.com\/dim\/","url":"https:\/\/magicpyros.com\/dim\/","name":"Dim - Magiceffects","isPartOf":{"@id":"https:\/\/magicpyros.com\/#website"},"datePublished":"2023-04-16T18:08:36+00:00","dateModified":"2024-05-20T18:39:35+00:00","breadcrumb":{"@id":"https:\/\/magicpyros.com\/dim\/#breadcrumb"},"inLanguage":"en-GB","potentialAction":[{"@type":"ReadAction","target":["https:\/\/magicpyros.com\/dim\/"]}]},{"@type":"BreadcrumbList","@id":"https:\/\/magicpyros.com\/dim\/#breadcrumb","itemListElement":[{"@type":"ListItem","position":1,"name":"Home","item":"https:\/\/magicpyros.com\/"},{"@type":"ListItem","position":2,"name":"Dim"}]},{"@type":"WebSite","@id":"https:\/\/magicpyros.com\/#website","url":"https:\/\/magicpyros.com\/","name":"Magiceffects","description":"No tricks - Just pure magic","potentialAction":[{"@type":"SearchAction","target":{"@type":"EntryPoint","urlTemplate":"https:\/\/magicpyros.com\/?s={search_term_string}"},"query-input":{"@type":"PropertyValueSpecification","valueRequired":true,"valueName":"search_term_string"}}],"inLanguage":"en-GB"}]}},"_links":{"self":[{"href":"https:\/\/magicpyros.com\/en\/wp-json\/wp\/v2\/pages\/237424","targetHints":{"allow":["GET"]}}],"collection":[{"href":"https:\/\/magicpyros.com\/en\/wp-json\/wp\/v2\/pages"}],"about":[{"href":"https:\/\/magicpyros.com\/en\/wp-json\/wp\/v2\/types\/page"}],"author":[{"embeddable":true,"href":"https:\/\/magicpyros.com\/en\/wp-json\/wp\/v2\/users\/1"}],"replies":[{"embeddable":true,"href":"https:\/\/magicpyros.com\/en\/wp-json\/wp\/v2\/comments?post=237424"}],"version-history":[{"count":22,"href":"https:\/\/magicpyros.com\/en\/wp-json\/wp\/v2\/pages\/237424\/revisions"}],"predecessor-version":[{"id":987499692,"href":"https:\/\/magicpyros.com\/en\/wp-json\/wp\/v2\/pages\/237424\/revisions\/987499692"}],"wp:attachment":[{"href":"https:\/\/magicpyros.com\/en\/wp-json\/wp\/v2\/media?parent=237424"}],"curies":[{"name":"wp","href":"https:\/\/api.w.org\/{rel}","templated":true}]}}