{"id":237371,"date":"2023-04-16T16:23:51","date_gmt":"2023-04-16T16:23:51","guid":{"rendered":"https:\/\/magicpyros.com\/novisajt\/?page_id=237371"},"modified":"2024-05-20T18:29:37","modified_gmt":"2024-05-20T18:29:37","slug":"konfete-i-strimeri","status":"publish","type":"page","link":"https:\/\/magicpyros.com\/en\/konfete-i-strimeri\/","title":{"rendered":"Konfete i Strimeri"},"content":{"rendered":"<p>[et_pb_section fb_built=&#8221;1&#8243; custom_padding_last_edited=&#8221;off|phone&#8221; admin_label=&#8221;Header&#8221; _builder_version=&#8221;4.21.0&#8243; background_color=&#8221;#000000&#8243; background_enable_image=&#8221;off&#8221; parallax=&#8221;on&#8221; background_video_mp4=&#8221;https:\/\/magicpyros.com\/wp-content\/uploads\/2023\/07\/Nenaslovljeno-1920-\u00d7-1080px-820-\u00d7-312px-500-\u00d7-1500px-1500-\u00d7-500px.mp4&#8243; height=&#8221;425px&#8221; max_height=&#8221;435px&#8221; custom_padding=&#8221;9vw||9vw||true|false&#8221; locked=&#8221;off&#8221; global_colors_info=&#8221;{}&#8221;][et_pb_row _builder_version=&#8221;4.21.0&#8243; custom_margin=&#8221;-29px|9px|0px|70px|false|false&#8221; custom_padding=&#8221;77px||||false|false&#8221; global_colors_info=&#8221;{}&#8221;][et_pb_column type=&#8221;4_4&#8243; _builder_version=&#8221;4.16&#8243; custom_padding_tablet=&#8221;30px||30px||true|false&#8221; custom_padding_last_edited=&#8221;off|desktop&#8221; global_colors_info=&#8221;{}&#8221;][et_pb_text _builder_version=&#8221;4.21.0&#8243; text_text_color=&#8221;rgba(255,255,255,0.5)&#8221; text_font_size=&#8221;16px&#8221; text_line_height=&#8221;1.8em&#8221; header_font=&#8221;|700||on|||||&#8221; header_font_size=&#8221;6vw&#8221; header_line_height=&#8221;1.2em&#8221; header_3_font=&#8221;Montserrat|700||on|||||&#8221; header_3_text_color=&#8221;rgba(255,255,255,0.5)&#8221; header_3_font_size=&#8221;16px&#8221; header_3_letter_spacing=&#8221;2px&#8221; header_3_line_height=&#8221;1.4em&#8221; background_layout=&#8221;dark&#8221; custom_margin=&#8221;55px||||false|false&#8221; custom_margin_tablet=&#8221;55px||||false|false&#8221; custom_margin_phone=&#8221;142px|||10px|false|false&#8221; custom_margin_last_edited=&#8221;on|desktop&#8221; header_3_font_size_tablet=&#8221;14px&#8221; header_3_font_size_phone=&#8221;&#8221; header_3_font_size_last_edited=&#8221;on|phone&#8221; text_text_align=&#8221;left&#8221; locked=&#8221;off&#8221; global_colors_info=&#8221;{}&#8221;]<\/p>\n<h1>KOnfete i strimeri<\/h1>\n<p>[\/et_pb_text][\/et_pb_column][\/et_pb_row][\/et_pb_section][et_pb_section fb_built=&#8221;1&#8243; _builder_version=&#8221;4.20.2&#8243; _module_preset=&#8221;default&#8221; background_color=&#8221;#000000&#8243; custom_margin=&#8221;0px|0px|0px|0px|true|true&#8221; custom_padding=&#8221;0%||5%||false|false&#8221; global_colors_info=&#8221;{}&#8221;][et_pb_row column_structure=&#8221;1_4,1_4,1_4,1_4&#8243; make_equal=&#8221;on&#8221; _builder_version=&#8221;4.20.2&#8243; _module_preset=&#8221;default&#8221; global_colors_info=&#8221;{}&#8221;][et_pb_column type=&#8221;1_4&#8243; _builder_version=&#8221;4.16&#8243; _module_preset=&#8221;default&#8221; global_colors_info=&#8221;{}&#8221;][et_pb_button button_url=&#8221;#plamen&#8221; button_text=&#8221;Confetti &#8221; _builder_version=&#8221;4.20.2&#8243; _module_preset=&#8221;default&#8221; custom_button=&#8221;on&#8221; button_text_color=&#8221;#FFFFFF&#8221; global_colors_info=&#8221;{}&#8221;][\/et_pb_button][\/et_pb_column][et_pb_column type=&#8221;1_4&#8243; _builder_version=&#8221;4.16&#8243; _module_preset=&#8221;default&#8221; global_colors_info=&#8221;{}&#8221;][et_pb_button button_url=&#8221;#WaveFlames&#8221; button_text=&#8221;Streamers &#8221; _builder_version=&#8221;4.20.2&#8243; _module_preset=&#8221;default&#8221; custom_button=&#8221;on&#8221; button_text_color=&#8221;#FFFFFF&#8221; global_colors_info=&#8221;{}&#8221;][\/et_pb_button][\/et_pb_column][et_pb_column type=&#8221;1_4&#8243; _builder_version=&#8221;4.16&#8243; _module_preset=&#8221;default&#8221; global_colors_info=&#8221;{}&#8221;][\/et_pb_column][et_pb_column type=&#8221;1_4&#8243; _builder_version=&#8221;4.16&#8243; _module_preset=&#8221;default&#8221; global_colors_info=&#8221;{}&#8221;][\/et_pb_column][\/et_pb_row][et_pb_row make_equal=&#8221;on&#8221; _builder_version=&#8221;4.20.2&#8243; _module_preset=&#8221;default&#8221; min_height=&#8221;502px&#8221; global_colors_info=&#8221;{}&#8221;][et_pb_column type=&#8221;4_4&#8243; _builder_version=&#8221;4.16&#8243; _module_preset=&#8221;default&#8221; global_colors_info=&#8221;{}&#8221;][et_pb_text _builder_version=&#8221;4.21.0&#8243; _module_preset=&#8221;default&#8221; text_text_color=&#8221;#FFFFFF&#8221; header_3_text_color=&#8221;#FFFFFF&#8221; hover_enabled=&#8221;0&#8243; global_colors_info=&#8221;{}&#8221; text_font_size=&#8221;18px&#8221; sticky_enabled=&#8221;0&#8243;]<\/p>\n<h3><span style=\"font-size: xx-large;\">Confetti<\/span><\/h3>\n<p>&nbsp;<\/p>\n<p>U boji ili bijeli, srebrni ili zlatni, u obliku srca, cvijeta ili logotipa va\u0161e tvrtke, konfeti su i dalje najpoznatiji &#8216;party&#8217; efekt.<\/p>\n<p>Svi na\u0161i papirnati konfeti su biorazgradivi, ne ugro\u017eavaju okoli\u0161 i razgra\u0111uju se u vrlo kratkom vremenu.<\/p>\n<p>Postoje dva na\u010dina pucanja konfeta:<\/p>\n<p>Puha\u010d konfeta &#8211; ispuhuje konfete, \u0161to daje efekt du\u017eeg letenja konfeta.<\/p>\n<p>Stadium Shot &#8211; Ispaljuje konfete u jednom sna\u017enom hicu, stvaraju\u0107i eksplozivan efekt konfeta.<\/p>\n<p>&nbsp;<\/p>\n<p>&nbsp;<\/p>\n<p>[\/et_pb_text][et_pb_gallery gallery_ids=&#8221;237374,237375,237376,237377,237378,237379,237380,237567,237568,237569,237570,237571,237572,237573,237574,237575,237576,237577,237578,237579,237991,237990,237988,237992,238288,238291,238295,238297,238284,238283,238274,238273,238270,238269,238265,238258,238253,238321&#8243; posts_number=&#8221;42&#8243; show_title_and_caption=&#8221;off&#8221; show_pagination=&#8221;off&#8221; module_id=&#8221;testimonial-copy-1&#8243; module_class=&#8221;show-testimonial&#8221; _builder_version=&#8221;4.20.2&#8243; _module_preset=&#8221;default&#8221; min_height=&#8221;1105.8px&#8221; custom_margin=&#8221;||-330px|||&#8221; custom_padding=&#8221;||219px|||&#8221; global_colors_info=&#8221;{}&#8221;][\/et_pb_gallery][\/et_pb_column][\/et_pb_row][et_pb_row _builder_version=&#8221;4.20.2&#8243; _module_preset=&#8221;default&#8221; global_colors_info=&#8221;{}&#8221;][et_pb_column type=&#8221;4_4&#8243; _builder_version=&#8221;4.20.2&#8243; _module_preset=&#8221;default&#8221; global_colors_info=&#8221;{}&#8221;][et_pb_video src=&#8221;https:\/\/youtu.be\/roqJmm7H9lk&#8221; _builder_version=&#8221;4.20.2&#8243; _module_preset=&#8221;default&#8221; global_colors_info=&#8221;{}&#8221;][\/et_pb_video][\/et_pb_column][\/et_pb_row][et_pb_row make_equal=&#8221;on&#8221; module_id=&#8221;WaveFlames&#8221; _builder_version=&#8221;4.20.2&#8243; _module_preset=&#8221;default&#8221; min_height=&#8221;502px&#8221; global_colors_info=&#8221;{}&#8221;][et_pb_column type=&#8221;4_4&#8243; _builder_version=&#8221;4.16&#8243; _module_preset=&#8221;default&#8221; global_colors_info=&#8221;{}&#8221;][et_pb_text _builder_version=&#8221;4.21.0&#8243; _module_preset=&#8221;default&#8221; text_text_color=&#8221;#FFFFFF&#8221; header_3_text_color=&#8221;#FFFFFF&#8221; hover_enabled=&#8221;0&#8243; global_colors_info=&#8221;{}&#8221; text_font_size=&#8221;18px&#8221; sticky_enabled=&#8221;0&#8243;]<\/p>\n<h3>Streamers<\/h3>\n<p>&nbsp;<\/p>\n<p>Strimeri su duga\u010dke papirnate trake koje se ispaljuju iznad publike.<\/p>\n<p>\u0160arene ili bijele, trake prekrivaju prostor udaljen i do 50 metara i svojim lepr\u0161avim kretanjem lagano padaju.<\/p>\n<p>&nbsp;<\/p>\n<p>[\/et_pb_text][et_pb_gallery gallery_ids=&#8221;237383,237384,237385,237386,237387,237388,237389,237390,237391,237392,237393,237409,238327,238324,238318,238317,238306,238285,238264,238263,238254&#8243; posts_number=&#8221;20&#8243; show_title_and_caption=&#8221;off&#8221; show_pagination=&#8221;off&#8221; module_id=&#8221;testimonial-copy-1&#8243; module_class=&#8221;show-testimonial&#8221; _builder_version=&#8221;4.20.2&#8243; _module_preset=&#8221;default&#8221; global_colors_info=&#8221;{}&#8221;][\/et_pb_gallery][\/et_pb_column][\/et_pb_row][et_pb_row _builder_version=&#8221;4.20.2&#8243; _module_preset=&#8221;default&#8221; global_colors_info=&#8221;{}&#8221;][et_pb_column type=&#8221;4_4&#8243; _builder_version=&#8221;4.20.2&#8243; _module_preset=&#8221;default&#8221; global_colors_info=&#8221;{}&#8221;][et_pb_video src=&#8221;https:\/\/youtu.be\/tiTZaZRLygs&#8221; _builder_version=&#8221;4.20.2&#8243; _module_preset=&#8221;default&#8221; global_colors_info=&#8221;{}&#8221;][\/et_pb_video][\/et_pb_column][\/et_pb_row][\/et_pb_section]<\/p>","protected":false},"excerpt":{"rendered":"<p>KOnfete i strimeriConfetti &nbsp; U boji ili bijeli, srebrni ili zlatni, u obliku srca, cvijeta ili logotipa va\u0161e tvrtke, konfeti su i dalje najpoznatiji &#8216;party&#8217; efekt. Svi na\u0161i papirnati konfeti su biorazgradivi, ne ugro\u017eavaju okoli\u0161 i razgra\u0111uju se u vrlo kratkom vremenu. Postoje dva na\u010dina pucanja konfeta: Puha\u010d konfeta &#8211; ispuhuje konfete, \u0161to daje efekt [&hellip;]<\/p>","protected":false},"author":1,"featured_media":0,"parent":0,"menu_order":0,"comment_status":"closed","ping_status":"closed","template":"","meta":{"_et_pb_use_builder":"on","_et_pb_old_content":"","_et_gb_content_width":"","om_disable_all_campaigns":false,"_monsterinsights_skip_tracking":false,"_monsterinsights_sitenote_active":false,"_monsterinsights_sitenote_note":"","_monsterinsights_sitenote_category":0,"_uf_show_specific_survey":0,"_uf_disable_surveys":false,"footnotes":""},"class_list":["post-237371","page","type-page","status-publish","hentry"],"aioseo_notices":[],"yoast_head":"<!-- This site is optimized with the Yoast SEO plugin v23.9 - https:\/\/yoast.com\/wordpress\/plugins\/seo\/ -->\n<title>Konfete i Strimeri - Magiceffects<\/title>\n<meta name=\"robots\" content=\"index, follow, max-snippet:-1, max-image-preview:large, max-video-preview:-1\" \/>\n<link rel=\"canonical\" href=\"https:\/\/magicpyros.com\/en\/konfete-i-strimeri\/\" \/>\n<meta property=\"og:locale\" content=\"en_GB\" \/>\n<meta property=\"og:type\" content=\"article\" \/>\n<meta property=\"og:title\" content=\"Konfete i Strimeri - Magiceffects\" \/>\n<meta property=\"og:description\" content=\"KOnfete i strimeriConfetti &nbsp; U boji ili bijeli, srebrni ili zlatni, u obliku srca, cvijeta ili logotipa va\u0161e tvrtke, konfeti su i dalje najpoznatiji &#039;party&#039; efekt. Svi na\u0161i papirnati konfeti su biorazgradivi, ne ugro\u017eavaju okoli\u0161 i razgra\u0111uju se u vrlo kratkom vremenu. Postoje dva na\u010dina pucanja konfeta: Puha\u010d konfeta - ispuhuje konfete, \u0161to daje efekt [&hellip;]\" \/>\n<meta property=\"og:url\" content=\"https:\/\/magicpyros.com\/en\/konfete-i-strimeri\/\" \/>\n<meta property=\"og:site_name\" content=\"Magiceffects\" \/>\n<meta property=\"article:modified_time\" content=\"2024-05-20T18:29:37+00:00\" \/>\n<meta name=\"twitter:card\" content=\"summary_large_image\" \/>\n<meta name=\"twitter:label1\" content=\"Estimated reading time\" \/>\n\t<meta name=\"twitter:data1\" content=\"4 minutes\" \/>\n<script type=\"application\/ld+json\" class=\"yoast-schema-graph\">{\"@context\":\"https:\/\/schema.org\",\"@graph\":[{\"@type\":\"WebPage\",\"@id\":\"https:\/\/magicpyros.com\/konfete-i-strimeri\/\",\"url\":\"https:\/\/magicpyros.com\/konfete-i-strimeri\/\",\"name\":\"Konfete i Strimeri - Magiceffects\",\"isPartOf\":{\"@id\":\"https:\/\/magicpyros.com\/#website\"},\"datePublished\":\"2023-04-16T16:23:51+00:00\",\"dateModified\":\"2024-05-20T18:29:37+00:00\",\"breadcrumb\":{\"@id\":\"https:\/\/magicpyros.com\/konfete-i-strimeri\/#breadcrumb\"},\"inLanguage\":\"en-GB\",\"potentialAction\":[{\"@type\":\"ReadAction\",\"target\":[\"https:\/\/magicpyros.com\/konfete-i-strimeri\/\"]}]},{\"@type\":\"BreadcrumbList\",\"@id\":\"https:\/\/magicpyros.com\/konfete-i-strimeri\/#breadcrumb\",\"itemListElement\":[{\"@type\":\"ListItem\",\"position\":1,\"name\":\"Home\",\"item\":\"https:\/\/magicpyros.com\/\"},{\"@type\":\"ListItem\",\"position\":2,\"name\":\"Konfete i Strimeri\"}]},{\"@type\":\"WebSite\",\"@id\":\"https:\/\/magicpyros.com\/#website\",\"url\":\"https:\/\/magicpyros.com\/\",\"name\":\"Magiceffects\",\"description\":\"No tricks - Just pure magic\",\"potentialAction\":[{\"@type\":\"SearchAction\",\"target\":{\"@type\":\"EntryPoint\",\"urlTemplate\":\"https:\/\/magicpyros.com\/?s={search_term_string}\"},\"query-input\":{\"@type\":\"PropertyValueSpecification\",\"valueRequired\":true,\"valueName\":\"search_term_string\"}}],\"inLanguage\":\"en-GB\"}]}<\/script>\n<!-- \/ Yoast SEO plugin. -->","yoast_head_json":{"title":"Konfete i Strimeri - Magiceffects","robots":{"index":"index","follow":"follow","max-snippet":"max-snippet:-1","max-image-preview":"max-image-preview:large","max-video-preview":"max-video-preview:-1"},"canonical":"https:\/\/magicpyros.com\/en\/konfete-i-strimeri\/","og_locale":"en_GB","og_type":"article","og_title":"Konfete i Strimeri - Magiceffects","og_description":"KOnfete i strimeriConfetti &nbsp; U boji ili bijeli, srebrni ili zlatni, u obliku srca, cvijeta ili logotipa va\u0161e tvrtke, konfeti su i dalje najpoznatiji 'party' efekt. Svi na\u0161i papirnati konfeti su biorazgradivi, ne ugro\u017eavaju okoli\u0161 i razgra\u0111uju se u vrlo kratkom vremenu. Postoje dva na\u010dina pucanja konfeta: Puha\u010d konfeta - ispuhuje konfete, \u0161to daje efekt [&hellip;]","og_url":"https:\/\/magicpyros.com\/en\/konfete-i-strimeri\/","og_site_name":"Magiceffects","article_modified_time":"2024-05-20T18:29:37+00:00","twitter_card":"summary_large_image","twitter_misc":{"Estimated reading time":"4 minutes"},"schema":{"@context":"https:\/\/schema.org","@graph":[{"@type":"WebPage","@id":"https:\/\/magicpyros.com\/konfete-i-strimeri\/","url":"https:\/\/magicpyros.com\/konfete-i-strimeri\/","name":"Konfete i Strimeri - Magiceffects","isPartOf":{"@id":"https:\/\/magicpyros.com\/#website"},"datePublished":"2023-04-16T16:23:51+00:00","dateModified":"2024-05-20T18:29:37+00:00","breadcrumb":{"@id":"https:\/\/magicpyros.com\/konfete-i-strimeri\/#breadcrumb"},"inLanguage":"en-GB","potentialAction":[{"@type":"ReadAction","target":["https:\/\/magicpyros.com\/konfete-i-strimeri\/"]}]},{"@type":"BreadcrumbList","@id":"https:\/\/magicpyros.com\/konfete-i-strimeri\/#breadcrumb","itemListElement":[{"@type":"ListItem","position":1,"name":"Home","item":"https:\/\/magicpyros.com\/"},{"@type":"ListItem","position":2,"name":"Konfete i Strimeri"}]},{"@type":"WebSite","@id":"https:\/\/magicpyros.com\/#website","url":"https:\/\/magicpyros.com\/","name":"Magiceffects","description":"No tricks - Just pure magic","potentialAction":[{"@type":"SearchAction","target":{"@type":"EntryPoint","urlTemplate":"https:\/\/magicpyros.com\/?s={search_term_string}"},"query-input":{"@type":"PropertyValueSpecification","valueRequired":true,"valueName":"search_term_string"}}],"inLanguage":"en-GB"}]}},"_links":{"self":[{"href":"https:\/\/magicpyros.com\/en\/wp-json\/wp\/v2\/pages\/237371","targetHints":{"allow":["GET"]}}],"collection":[{"href":"https:\/\/magicpyros.com\/en\/wp-json\/wp\/v2\/pages"}],"about":[{"href":"https:\/\/magicpyros.com\/en\/wp-json\/wp\/v2\/types\/page"}],"author":[{"embeddable":true,"href":"https:\/\/magicpyros.com\/en\/wp-json\/wp\/v2\/users\/1"}],"replies":[{"embeddable":true,"href":"https:\/\/magicpyros.com\/en\/wp-json\/wp\/v2\/comments?post=237371"}],"version-history":[{"count":25,"href":"https:\/\/magicpyros.com\/en\/wp-json\/wp\/v2\/pages\/237371\/revisions"}],"predecessor-version":[{"id":987499688,"href":"https:\/\/magicpyros.com\/en\/wp-json\/wp\/v2\/pages\/237371\/revisions\/987499688"}],"wp:attachment":[{"href":"https:\/\/magicpyros.com\/en\/wp-json\/wp\/v2\/media?parent=237371"}],"curies":[{"name":"wp","href":"https:\/\/api.w.org\/{rel}","templated":true}]}}